{"id":8901,"date":"2025-10-10T09:59:44","date_gmt":"2025-10-10T09:59:44","guid":{"rendered":"https:\/\/askarzeznik.pl\/sklep\/?post_type=product&#038;p=8901"},"modified":"2026-03-03T12:08:05","modified_gmt":"2026-03-03T12:08:05","slug":"jesienny-jadlospis-dla-zabieganych-na-2-tygodnie-druga-edycja","status":"publish","type":"product","link":"https:\/\/askarzeznik.pl\/sklep\/produkt\/jesienny-jadlospis-dla-zabieganych-na-2-tygodnie-druga-edycja\/","title":{"rendered":"Jesienny jad\u0142ospis dla zabieganych [na 2 tygodnie] &#8211; druga edycja"},"content":{"rendered":"<h2 data-start=\"282\" data-end=\"376\"><strong data-start=\"288\" data-end=\"376\">Jesienny jad\u0142ospis wega\u0144ski pe\u0142en sezonowych smak\u00f3w \u2013 2 tygodnie zdrowych, gotowych posi\u0142k\u00f3w dla zabieganych<\/strong><\/h2>\n<p data-start=\"378\" data-end=\"447\"><strong data-start=\"378\" data-end=\"447\">Gotuj raz, jedz ca\u0142y tydzie\u0144 \u2013 bez marnowania czasu i sk\u0142adnik\u00f3w!<\/strong><\/p>\n<p data-start=\"449\" data-end=\"662\">Ten sezonowy, <strong data-start=\"463\" data-end=\"514\">2-tygodniowy jad\u0142ospis wega\u0144ski <\/strong>to idealne rozwi\u0105zanie dla os\u00f3b, kt\u00f3re chc\u0105 od\u017cywia\u0107 si\u0119 \u015bwiadomie, bez codziennego wymy\u015blania \u201cco dzi\u015b zje\u015b\u0107\u201d i bez ci\u0105g\u0142ego stania przy garnkach.<\/p>\n<p data-start=\"664\" data-end=\"841\">To co\u015b wi\u0119cej ni\u017c tylko dieta \u2013 to Twoja <strong data-start=\"705\" data-end=\"739\">domowa wersja diety pude\u0142kowej<\/strong>, w kt\u00f3rej gotujesz wi\u0119kszo\u015b\u0107 posi\u0142k\u00f3w w weekend, a w tygodniu\u2026 tylko si\u0119gasz po gotowe, pyszne dania.<\/p>\n<h3 data-start=\"848\" data-end=\"882\">Dla kogo jest ten jad\u0142ospis?<\/h3>\n<p data-start=\"884\" data-end=\"916\">Ten jad\u0142ospis powsta\u0142 z my\u015bl\u0105 o:<\/p>\n<ul data-start=\"917\" data-end=\"1372\">\n<li data-start=\"917\" data-end=\"1026\">\n<p data-start=\"919\" data-end=\"1026\">wegetarianach i weganach, kt\u00f3rzy chc\u0105 mie\u0107 pewno\u015b\u0107, \u017ce <strong data-start=\"974\" data-end=\"1026\">dostarczaj\u0105 organizmowi wszystko, czego potrzebuj\u0105<\/strong><\/p>\n<\/li>\n<li data-start=\"1027\" data-end=\"1115\">zabieganych rodzicach, kt\u00f3rzy chc\u0105 ogarnia\u0107 posi\u0142ki <strong data-start=\"1170\" data-end=\"1190\">raz na kilka dni<\/strong>, a potem mie\u0107 spok\u00f3j<\/li>\n<li data-start=\"1212\" data-end=\"1304\">\n<p data-start=\"1214\" data-end=\"1304\">osobach z <strong data-start=\"1224\" data-end=\"1272\">insulinooporno\u015bci\u0105 lub wysokim cholesterolem<\/strong>, kt\u00f3re chc\u0105 je\u015b\u0107 lekko i zdrowo<\/p>\n<\/li>\n<li data-start=\"1305\" data-end=\"1372\">\n<p data-start=\"1307\" data-end=\"1372\">tych, kt\u00f3rzy uwa\u017caj\u0105, \u017ce <strong data-start=\"1332\" data-end=\"1372\">gotowanie codziennie to strata czasu<\/strong><\/p>\n<\/li>\n<\/ul>\n<h3 data-start=\"1379\" data-end=\"1411\">Co dok\u0142adnie otrzymujesz?<\/h3>\n<p data-start=\"1413\" data-end=\"1488\">Po zakupie od razu na mejla dostajesz zestaw gotowych PDF-\u00f3w na 2 tygodnie:<\/p>\n<p data-start=\"1492\" data-end=\"1585\"><strong data-start=\"1495\" data-end=\"1514\">2 listy zakup\u00f3w<\/strong> \u2013 na ka\u017cdy tydzie\u0144 osobno, zaplanowane tak, by nic si\u0119 nie marnowa\u0142o<\/p>\n<p data-start=\"1588\" data-end=\"1702\"><strong data-start=\"1591\" data-end=\"1618\">Plan gotowania na zapas<\/strong> \u2013 krok po kroku co i kiedy ugotowa\u0107 w weekend, z kolejno\u015bci\u0105 dzia\u0142a\u0144 i przepisami<\/p>\n<p data-start=\"1705\" data-end=\"1817\"><strong data-start=\"1707\" data-end=\"1732\">Checklisty do wydruku<\/strong> \u2013 wieszasz na lod\u00f3wce i nie musisz my\u015ble\u0107, co zje\u015b\u0107 \u2013 lista \u201eprzypomina\u201d za Ciebie<\/p>\n<p data-start=\"1820\" data-end=\"1901\"><strong data-start=\"1823\" data-end=\"1854\">Rozpiska da\u0144 na 1 stron\u0119 A4<\/strong> \u2013 widzisz wszystko jak na d\u0142oni, dzie\u0144 po dniu<\/p>\n<p data-start=\"1903\" data-end=\"2185\">Jad\u0142ospis obejmuje <strong data-start=\"1925\" data-end=\"1947\">4 posi\u0142ki dziennie<\/strong>: \u015bniadanie, II \u015bniadanie\/przek\u0105sk\u0119, obiad i kolacj\u0119<br data-start=\"1999\" data-end=\"2002\" \/>\u015arednia kaloryczno\u015b\u0107: <strong data-start=\"2027\" data-end=\"2053\">ok. 2000 kcal dziennie (w tym 80-90 g bia\u0142ka)<\/strong><br data-start=\"2053\" data-end=\"2056\" \/>Dla 1 osoby \u2013 wystarczy przemno\u017cy\u0107 sk\u0142adniki, je\u015bli gotujesz dla wi\u0119kszej liczby domownik\u00f3w<br data-start=\"2150\" data-end=\"2153\" \/>Nadaje si\u0119 r\u00f3wnie\u017c dla dzieci<\/p>\n<h3 data-start=\"2192\" data-end=\"2225\">Co wyr\u00f3\u017cnia ten jad\u0142ospis?<\/h3>\n<ul data-start=\"2227\" data-end=\"2600\">\n<li data-start=\"2227\" data-end=\"2354\">\n<p data-start=\"2229\" data-end=\"2354\"><strong data-start=\"2229\" data-end=\"2259\">Jesienna, sezonowa kuchnia<\/strong> \u2013 oparta na dyni, burakach, \u015bliwkach i innych jesiennych pyszno\u015bciach<\/p>\n<\/li>\n<li data-start=\"2355\" data-end=\"2425\">\n<p data-start=\"2357\" data-end=\"2425\"><strong data-start=\"2357\" data-end=\"2383\">Domowa dieta pude\u0142kowa<\/strong> \u2013 gotujesz tylko raz lub dwa w tygodniu<\/p>\n<\/li>\n<li data-start=\"2426\" data-end=\"2479\">\n<p data-start=\"2428\" data-end=\"2479\"><strong data-start=\"2428\" data-end=\"2459\">Bez mleka, jaj, mi\u0119sa i ryb<\/strong> \u2013 w 100% wega\u0144ski<\/p>\n<\/li>\n<li data-start=\"2480\" data-end=\"2536\">\n<p data-start=\"2482\" data-end=\"2536\"><strong data-start=\"2482\" data-end=\"2534\">Bezpieczny dla os\u00f3b z IO i wysokim cholesterolem<\/strong><\/p>\n<\/li>\n<li data-start=\"2537\" data-end=\"2600\">\n<p data-start=\"2539\" data-end=\"2600\"><strong data-start=\"2539\" data-end=\"2567\">Zero marnowania jedzenia<\/strong> \u2013 wszystko dok\u0142adnie zaplanowane<\/p>\n<\/li>\n<\/ul>\n<h3 data-start=\"2607\" data-end=\"2636\">Jak otrzymasz produkt?<\/h3>\n<p data-start=\"2638\" data-end=\"2795\">Po op\u0142aceniu zam\u00f3wienia, <strong data-start=\"2663\" data-end=\"2739\">natychmiast dostajesz maila z linkiem do pobrania wszystkich plik\u00f3w PDF.<\/strong><br data-start=\"2739\" data-end=\"2742\" \/>Mo\u017cesz zapisa\u0107 je na swoim dysku i korzysta\u0107 od razu.<\/p>\n<h3 data-start=\"2802\" data-end=\"2869\">Chcesz dopasowa\u0107 jad\u0142ospis do swoich indywidualnych potrzeb?<\/h3>\n<p data-start=\"2871\" data-end=\"2967\">Jest taka mo\u017cliwo\u015b\u0107 \u2013 napisz do mnie, a przygotuj\u0119 wersj\u0119 personalizowan\u0105 (za dodatkow\u0105 op\u0142at\u0105 &#8211; 150 z\u0142).<\/p>\n<p data-start=\"2974\" data-end=\"3099\">Nie tra\u0107 czasu codziennie w kuchni.<br data-start=\"3012\" data-end=\"3015\" \/>Zadbaj o zdrowie, poziom \u017celaza i smak w swojej diecie \u2013 m\u0105drze, sezonowo i z g\u0142ow\u0105.<\/p>\n<h3 data-start=\"2163\" data-end=\"2211\"><strong style=\"font-size: 16px;\" data-start=\"3104\" data-end=\"3204\">Kliknij &#8222;Dodaj do koszyka&#8221; i zacznij korzysta\u0107 z gotowych posi\u0142k\u00f3w ju\u017c od najbli\u017cszego weekendu!<\/strong><\/h3>\n","protected":false},"excerpt":{"rendered":"<p><strong data-start=\"155\" data-end=\"217\">2-tygodniowy, jesienny jad\u0142ospis wega\u0144ski &#8211; druga edycja, kolejne 2 pyszne tygodnie!<\/strong><br data-start=\"217\" data-end=\"220\" \/>Gotujesz raz lub dwa w tygodniu, a potem tylko korzystasz \u2013 to domowa dieta pude\u0142kowa dla zabieganych!<br data-start=\"322\" data-end=\"325\" \/>W zestawie: listy zakup\u00f3w, plan gotowania na zapas, checklisty na lod\u00f3wk\u0119 i 4 posi\u0142ki dziennie.<br data-start=\"420\" data-end=\"423\" \/>Dla os\u00f3b na diecie ro\u015blinnej, IO lub wysokim cholesterolem<\/p>\n","protected":false},"featured_media":8902,"comment_status":"open","ping_status":"closed","template":"","meta":[],"product_cat":[15],"product_tag":[],"yoast_head":"<!-- This site is optimized with the Yoast SEO plugin v20.9 - https:\/\/yoast.com\/wordpress\/plugins\/seo\/ -->\n<title>Jesienny jad\u0142ospis dla zabieganych [na 2 tygodnie] - druga edycja &ndash; SMART VEGAN<\/title>\n<meta name=\"description\" content=\"2-tygodniowy, jesienny jad\u0142ospis wega\u0144ski bogaty w \u017celazo. Gotujesz raz lub dwa w tygodniu, a potem tylko korzystasz. Domowa dieta pude\u0142kowa dla zabieganych! Dla os\u00f3b na diecie ro\u015blinnej, z anemi\u0105, insulinooporno\u015bci\u0105 lub wysokim cholesterolem.\" \/>\n<meta name=\"robots\" content=\"index, follow, max-snippet:-1, max-image-preview:large, max-video-preview:-1\" \/>\n<link rel=\"canonical\" href=\"https:\/\/askarzeznik.pl\/sklep\/produkt\/jesienny-jadlospis-dla-zabieganych-na-2-tygodnie-druga-edycja\/\" \/>\n<meta property=\"og:locale\" content=\"pl_PL\" \/>\n<meta property=\"og:type\" content=\"article\" \/>\n<meta property=\"og:title\" content=\"Jesienny jad\u0142ospis dla zabieganych [na 2 tygodnie] - druga edycja &ndash; SMART VEGAN\" \/>\n<meta property=\"og:description\" content=\"2-tygodniowy, jesienny jad\u0142ospis wega\u0144ski bogaty w \u017celazo. Gotujesz raz lub dwa w tygodniu, a potem tylko korzystasz. Domowa dieta pude\u0142kowa dla zabieganych! Dla os\u00f3b na diecie ro\u015blinnej, z anemi\u0105, insulinooporno\u015bci\u0105 lub wysokim cholesterolem.\" \/>\n<meta property=\"og:url\" content=\"https:\/\/askarzeznik.pl\/sklep\/produkt\/jesienny-jadlospis-dla-zabieganych-na-2-tygodnie-druga-edycja\/\" \/>\n<meta property=\"og:site_name\" content=\"SMART VEGAN\" \/>\n<meta property=\"article:publisher\" content=\"https:\/\/www.facebook.com\/mortycjacom\" \/>\n<meta property=\"article:modified_time\" content=\"2026-03-03T12:08:05+00:00\" \/>\n<meta property=\"og:image\" content=\"https:\/\/askarzeznik.pl\/sklep\/wp-content\/uploads\/2025\/10\/JadlospisJesiennyDlaZabieganych2-683x1024.png\" \/>\n\t<meta property=\"og:image:width\" content=\"683\" \/>\n\t<meta property=\"og:image:height\" content=\"1024\" \/>\n\t<meta property=\"og:image:type\" content=\"image\/png\" \/>\n<meta name=\"twitter:card\" content=\"summary_large_image\" \/>\n<meta name=\"twitter:label1\" content=\"Szacowany czas czytania\" \/>\n\t<meta name=\"twitter:data1\" content=\"3 minuty\" \/>\n<script type=\"application\/ld+json\" class=\"yoast-schema-graph\">{\"@context\":\"https:\/\/schema.org\",\"@graph\":[{\"@type\":\"WebPage\",\"@id\":\"https:\/\/askarzeznik.pl\/sklep\/produkt\/jesienny-jadlospis-dla-zabieganych-na-2-tygodnie-druga-edycja\/\",\"url\":\"https:\/\/askarzeznik.pl\/sklep\/produkt\/jesienny-jadlospis-dla-zabieganych-na-2-tygodnie-druga-edycja\/\",\"name\":\"Jesienny jad\u0142ospis dla zabieganych [na 2 tygodnie] - druga edycja &ndash; SMART VEGAN\",\"isPartOf\":{\"@id\":\"https:\/\/askarzeznik.pl\/sklep\/#website\"},\"datePublished\":\"2025-10-10T09:59:44+00:00\",\"dateModified\":\"2026-03-03T12:08:05+00:00\",\"description\":\"2-tygodniowy, jesienny jad\u0142ospis wega\u0144ski bogaty w \u017celazo. Gotujesz raz lub dwa w tygodniu, a potem tylko korzystasz. Domowa dieta pude\u0142kowa dla zabieganych! Dla os\u00f3b na diecie ro\u015blinnej, z anemi\u0105, insulinooporno\u015bci\u0105 lub wysokim cholesterolem.\",\"breadcrumb\":{\"@id\":\"https:\/\/askarzeznik.pl\/sklep\/produkt\/jesienny-jadlospis-dla-zabieganych-na-2-tygodnie-druga-edycja\/#breadcrumb\"},\"inLanguage\":\"pl-PL\",\"potentialAction\":[{\"@type\":\"ReadAction\",\"target\":[\"https:\/\/askarzeznik.pl\/sklep\/produkt\/jesienny-jadlospis-dla-zabieganych-na-2-tygodnie-druga-edycja\/\"]}]},{\"@type\":\"BreadcrumbList\",\"@id\":\"https:\/\/askarzeznik.pl\/sklep\/produkt\/jesienny-jadlospis-dla-zabieganych-na-2-tygodnie-druga-edycja\/#breadcrumb\",\"itemListElement\":[{\"@type\":\"ListItem\",\"position\":1,\"name\":\"Strona g\u0142\u00f3wna\",\"item\":\"https:\/\/askarzeznik.pl\/sklep\/\"},{\"@type\":\"ListItem\",\"position\":2,\"name\":\"Home\",\"item\":\"https:\/\/askarzeznik.pl\/sklep\/\"},{\"@type\":\"ListItem\",\"position\":3,\"name\":\"Jesienny jad\u0142ospis dla zabieganych [na 2 tygodnie] &#8211; druga edycja\"}]},{\"@type\":\"WebSite\",\"@id\":\"https:\/\/askarzeznik.pl\/sklep\/#website\",\"url\":\"https:\/\/askarzeznik.pl\/sklep\/\",\"name\":\"SMART VEGAN\",\"description\":\"Wykorzystaj sw\u00f3j spryt w kuchni ro\u015blinnej\",\"publisher\":{\"@id\":\"https:\/\/askarzeznik.pl\/sklep\/#organization\"},\"potentialAction\":[{\"@type\":\"SearchAction\",\"target\":{\"@type\":\"EntryPoint\",\"urlTemplate\":\"https:\/\/askarzeznik.pl\/sklep\/?s={search_term_string}\"},\"query-input\":\"required name=search_term_string\"}],\"inLanguage\":\"pl-PL\"},{\"@type\":\"Organization\",\"@id\":\"https:\/\/askarzeznik.pl\/sklep\/#organization\",\"name\":\"A\u015bka Rze\u017anik - blogerka wega\u0144ska\",\"url\":\"https:\/\/askarzeznik.pl\/sklep\/\",\"logo\":{\"@type\":\"ImageObject\",\"inLanguage\":\"pl-PL\",\"@id\":\"https:\/\/askarzeznik.pl\/sklep\/#\/schema\/logo\/image\/\",\"url\":\"https:\/\/askarzeznik.pl\/sklep\/wp-content\/uploads\/2020\/03\/logo.png\",\"contentUrl\":\"https:\/\/askarzeznik.pl\/sklep\/wp-content\/uploads\/2020\/03\/logo.png\",\"width\":575,\"height\":137,\"caption\":\"A\u015bka Rze\u017anik - blogerka wega\u0144ska\"},\"image\":{\"@id\":\"https:\/\/askarzeznik.pl\/sklep\/#\/schema\/logo\/image\/\"},\"sameAs\":[\"https:\/\/www.facebook.com\/mortycjacom\",\"https:\/\/www.instagram.com\/askarzeznik\/\"]}]}<\/script>\n<!-- \/ Yoast SEO plugin. -->","yoast_head_json":{"title":"Jesienny jad\u0142ospis dla zabieganych [na 2 tygodnie] - druga edycja &ndash; SMART VEGAN","description":"2-tygodniowy, jesienny jad\u0142ospis wega\u0144ski bogaty w \u017celazo. Gotujesz raz lub dwa w tygodniu, a potem tylko korzystasz. Domowa dieta pude\u0142kowa dla zabieganych! Dla os\u00f3b na diecie ro\u015blinnej, z anemi\u0105, insulinooporno\u015bci\u0105 lub wysokim cholesterolem.","robots":{"index":"index","follow":"follow","max-snippet":"max-snippet:-1","max-image-preview":"max-image-preview:large","max-video-preview":"max-video-preview:-1"},"canonical":"https:\/\/askarzeznik.pl\/sklep\/produkt\/jesienny-jadlospis-dla-zabieganych-na-2-tygodnie-druga-edycja\/","og_locale":"pl_PL","og_type":"article","og_title":"Jesienny jad\u0142ospis dla zabieganych [na 2 tygodnie] - druga edycja &ndash; SMART VEGAN","og_description":"2-tygodniowy, jesienny jad\u0142ospis wega\u0144ski bogaty w \u017celazo. Gotujesz raz lub dwa w tygodniu, a potem tylko korzystasz. Domowa dieta pude\u0142kowa dla zabieganych! Dla os\u00f3b na diecie ro\u015blinnej, z anemi\u0105, insulinooporno\u015bci\u0105 lub wysokim cholesterolem.","og_url":"https:\/\/askarzeznik.pl\/sklep\/produkt\/jesienny-jadlospis-dla-zabieganych-na-2-tygodnie-druga-edycja\/","og_site_name":"SMART VEGAN","article_publisher":"https:\/\/www.facebook.com\/mortycjacom","article_modified_time":"2026-03-03T12:08:05+00:00","og_image":[{"width":683,"height":1024,"url":"https:\/\/askarzeznik.pl\/sklep\/wp-content\/uploads\/2025\/10\/JadlospisJesiennyDlaZabieganych2-683x1024.png","type":"image\/png"}],"twitter_card":"summary_large_image","twitter_misc":{"Szacowany czas czytania":"3 minuty"},"schema":{"@context":"https:\/\/schema.org","@graph":[{"@type":"WebPage","@id":"https:\/\/askarzeznik.pl\/sklep\/produkt\/jesienny-jadlospis-dla-zabieganych-na-2-tygodnie-druga-edycja\/","url":"https:\/\/askarzeznik.pl\/sklep\/produkt\/jesienny-jadlospis-dla-zabieganych-na-2-tygodnie-druga-edycja\/","name":"Jesienny jad\u0142ospis dla zabieganych [na 2 tygodnie] - druga edycja &ndash; SMART VEGAN","isPartOf":{"@id":"https:\/\/askarzeznik.pl\/sklep\/#website"},"datePublished":"2025-10-10T09:59:44+00:00","dateModified":"2026-03-03T12:08:05+00:00","description":"2-tygodniowy, jesienny jad\u0142ospis wega\u0144ski bogaty w \u017celazo. Gotujesz raz lub dwa w tygodniu, a potem tylko korzystasz. Domowa dieta pude\u0142kowa dla zabieganych! Dla os\u00f3b na diecie ro\u015blinnej, z anemi\u0105, insulinooporno\u015bci\u0105 lub wysokim cholesterolem.","breadcrumb":{"@id":"https:\/\/askarzeznik.pl\/sklep\/produkt\/jesienny-jadlospis-dla-zabieganych-na-2-tygodnie-druga-edycja\/#breadcrumb"},"inLanguage":"pl-PL","potentialAction":[{"@type":"ReadAction","target":["https:\/\/askarzeznik.pl\/sklep\/produkt\/jesienny-jadlospis-dla-zabieganych-na-2-tygodnie-druga-edycja\/"]}]},{"@type":"BreadcrumbList","@id":"https:\/\/askarzeznik.pl\/sklep\/produkt\/jesienny-jadlospis-dla-zabieganych-na-2-tygodnie-druga-edycja\/#breadcrumb","itemListElement":[{"@type":"ListItem","position":1,"name":"Strona g\u0142\u00f3wna","item":"https:\/\/askarzeznik.pl\/sklep\/"},{"@type":"ListItem","position":2,"name":"Home","item":"https:\/\/askarzeznik.pl\/sklep\/"},{"@type":"ListItem","position":3,"name":"Jesienny jad\u0142ospis dla zabieganych [na 2 tygodnie] &#8211; druga edycja"}]},{"@type":"WebSite","@id":"https:\/\/askarzeznik.pl\/sklep\/#website","url":"https:\/\/askarzeznik.pl\/sklep\/","name":"SMART VEGAN","description":"Wykorzystaj sw\u00f3j spryt w kuchni ro\u015blinnej","publisher":{"@id":"https:\/\/askarzeznik.pl\/sklep\/#organization"},"potentialAction":[{"@type":"SearchAction","target":{"@type":"EntryPoint","urlTemplate":"https:\/\/askarzeznik.pl\/sklep\/?s={search_term_string}"},"query-input":"required name=search_term_string"}],"inLanguage":"pl-PL"},{"@type":"Organization","@id":"https:\/\/askarzeznik.pl\/sklep\/#organization","name":"A\u015bka Rze\u017anik - blogerka wega\u0144ska","url":"https:\/\/askarzeznik.pl\/sklep\/","logo":{"@type":"ImageObject","inLanguage":"pl-PL","@id":"https:\/\/askarzeznik.pl\/sklep\/#\/schema\/logo\/image\/","url":"https:\/\/askarzeznik.pl\/sklep\/wp-content\/uploads\/2020\/03\/logo.png","contentUrl":"https:\/\/askarzeznik.pl\/sklep\/wp-content\/uploads\/2020\/03\/logo.png","width":575,"height":137,"caption":"A\u015bka Rze\u017anik - blogerka wega\u0144ska"},"image":{"@id":"https:\/\/askarzeznik.pl\/sklep\/#\/schema\/logo\/image\/"},"sameAs":["https:\/\/www.facebook.com\/mortycjacom","https:\/\/www.instagram.com\/askarzeznik\/"]}]}},"_links":{"self":[{"href":"https:\/\/askarzeznik.pl\/sklep\/wp-json\/wp\/v2\/product\/8901"}],"collection":[{"href":"https:\/\/askarzeznik.pl\/sklep\/wp-json\/wp\/v2\/product"}],"about":[{"href":"https:\/\/askarzeznik.pl\/sklep\/wp-json\/wp\/v2\/types\/product"}],"replies":[{"embeddable":true,"href":"https:\/\/askarzeznik.pl\/sklep\/wp-json\/wp\/v2\/comments?post=8901"}],"wp:featuredmedia":[{"embeddable":true,"href":"https:\/\/askarzeznik.pl\/sklep\/wp-json\/wp\/v2\/media\/8902"}],"wp:attachment":[{"href":"https:\/\/askarzeznik.pl\/sklep\/wp-json\/wp\/v2\/media?parent=8901"}],"wp:term":[{"taxonomy":"product_cat","embeddable":true,"href":"https:\/\/askarzeznik.pl\/sklep\/wp-json\/wp\/v2\/product_cat?post=8901"},{"taxonomy":"product_tag","embeddable":true,"href":"https:\/\/askarzeznik.pl\/sklep\/wp-json\/wp\/v2\/product_tag?post=8901"}],"curies":[{"name":"wp","href":"https:\/\/api.w.org\/{rel}","templated":true}]}}