{"id":8705,"date":"2025-06-04T12:03:53","date_gmt":"2025-06-04T12:03:53","guid":{"rendered":"https:\/\/askarzeznik.pl\/sklep\/?post_type=product&#038;p=8705"},"modified":"2026-03-09T18:16:53","modified_gmt":"2026-03-09T18:16:53","slug":"konsultacja","status":"publish","type":"product","link":"https:\/\/askarzeznik.pl\/sklep\/produkt\/konsultacja\/","title":{"rendered":"Konsultacja dietetyczna"},"content":{"rendered":"<p data-start=\"4124\" data-end=\"4201\">Konsultacja dietetyczna to przede wszystkim spokojna rozmowa o Twojej diecie.<\/p>\n<p data-start=\"4203\" data-end=\"4264\">Nie chodzi o ocenianie czy krytykowanie, tylko o sprawdzenie:<\/p>\n<ul data-start=\"4266\" data-end=\"4407\">\n<li data-section-id=\"6289t5\" data-start=\"4266\" data-end=\"4310\">\n<p data-start=\"4268\" data-end=\"4310\">czy Twoja (albo twojego dziecka) dieta jest dobrze zbilansowana<\/p>\n<\/li>\n<li data-section-id=\"6289t5\" data-start=\"4266\" data-end=\"4310\">\n<p data-start=\"4268\" data-end=\"4310\">czy dostarcza wszystkich potrzebnych sk\u0142adnik\u00f3w<\/p>\n<\/li>\n<li data-section-id=\"1lbh3h\" data-start=\"4363\" data-end=\"4407\">\n<p data-start=\"4365\" data-end=\"4407\">co mo\u017cna zrobi\u0107, \u017ceby by\u0142a jeszcze lepsza.<\/p>\n<\/li>\n<\/ul>\n<p data-start=\"4409\" data-end=\"4544\">Je\u015bli masz w\u0105tpliwo\u015bci dotycz\u0105ce swojej diety lub diety swojego dziecka, konsultacja mo\u017ce pom\u00f3c Ci <strong data-start=\"4508\" data-end=\"4544\">poczu\u0107 wi\u0119ksz\u0105 pewno\u015b\u0107 i spok\u00f3j.<\/strong><\/p>\n","protected":false},"excerpt":{"rendered":"<p>Konsultacja dietetyczna ok. 45 minut w formie video call lub telefonicznej.<\/p>\n<p>Chcesz je\u015b\u0107 zdrowiej?<br \/>\nZastanawiasz si\u0119, czy twoja (lub twojego dziecka) dieta wega\u0144ska lub wegetaria\u0144ska jest dobrze zbilansowana?<br \/>\nLekarz kaza\u0142 Ci zmieni\u0107 diet\u0119 ze wzgl\u0119du na insulinooporno\u015b\u0107, a Ty nie masz poj\u0119cia, co zmieni\u0107 w swoich dotychczasowych posi\u0142kach?<br \/>\nA mo\u017ce my\u015blisz o redukcji, ale sztywne jad\u0142ospisy i liczenie kalorii to nie twoja bajka?<\/p>\n<p>Pomog\u0119 Ci &#8211; om\u00f3wimy twoj\u0105 obecn\u0105 diet\u0119 i nawyki \u017cywieniowe, oraz podpowiem, co zmieni\u0107 i jak, od czego zacz\u0105\u0107 i na czym si\u0119 skupi\u0107, aby je\u015b\u0107 lepiej bez ci\u0105g\u0142ego my\u015blenia o jedzeniu. To od\u017cywianie ma by\u0107 dostosowane pod twoje \u017cycie, a nie na odwr\u00f3t, i ja Ci w tym pomog\u0119!<\/p>\n<p>Mo\u017cliwo\u015b\u0107 um\u00f3wienia si\u0119 w dogodnej dla Ciebie godzinie &#8211; rano lub wieczorem.\u00a0Po wykupieniu konsultacji napisz\u0119 do Ciebie mejla i um\u00f3wimy si\u0119 tak, jak Ci pasuje.<\/p>\n","protected":false},"featured_media":9035,"comment_status":"open","ping_status":"closed","template":"","meta":[],"product_cat":[15],"product_tag":[],"yoast_head":"<!-- This site is optimized with the Yoast SEO plugin v20.9 - https:\/\/yoast.com\/wordpress\/plugins\/seo\/ -->\n<title>Konsultacja dietetyczna &ndash; SMART VEGAN<\/title>\n<meta name=\"robots\" content=\"index, follow, max-snippet:-1, max-image-preview:large, max-video-preview:-1\" \/>\n<link rel=\"canonical\" href=\"https:\/\/askarzeznik.pl\/sklep\/produkt\/konsultacja\/\" \/>\n<meta property=\"og:locale\" content=\"pl_PL\" \/>\n<meta property=\"og:type\" content=\"article\" \/>\n<meta property=\"og:title\" content=\"Konsultacja dietetyczna &ndash; SMART VEGAN\" \/>\n<meta property=\"og:description\" content=\"Konsultacja dietetyczna ok. 45 minut w formie video call lub telefonicznej.  Chcesz je\u015b\u0107 zdrowiej? Zastanawiasz si\u0119, czy twoja (lub twojego dziecka) dieta wega\u0144ska lub wegetaria\u0144ska jest dobrze zbilansowana? Lekarz kaza\u0142 Ci zmieni\u0107 diet\u0119 ze wzgl\u0119du na insulinooporno\u015b\u0107, a Ty nie masz poj\u0119cia, co zmieni\u0107 w swoich dotychczasowych posi\u0142kach? A mo\u017ce my\u015blisz o redukcji, ale sztywne jad\u0142ospisy i liczenie kalorii to nie twoja bajka?  Pomog\u0119 Ci - om\u00f3wimy twoj\u0105 obecn\u0105 diet\u0119 i nawyki \u017cywieniowe, oraz podpowiem, co zmieni\u0107 i jak, od czego zacz\u0105\u0107 i na czym si\u0119 skupi\u0107, aby je\u015b\u0107 lepiej bez ci\u0105g\u0142ego my\u015blenia o jedzeniu. To od\u017cywianie ma by\u0107 dostosowane pod twoje \u017cycie, a nie na odwr\u00f3t, i ja Ci w tym pomog\u0119!  Mo\u017cliwo\u015b\u0107 um\u00f3wienia si\u0119 w dogodnej dla Ciebie godzinie - rano lub wieczorem.\u00a0Po wykupieniu konsultacji napisz\u0119 do Ciebie mejla i um\u00f3wimy si\u0119 tak, jak Ci pasuje.\" \/>\n<meta property=\"og:url\" content=\"https:\/\/askarzeznik.pl\/sklep\/produkt\/konsultacja\/\" \/>\n<meta property=\"og:site_name\" content=\"SMART VEGAN\" \/>\n<meta property=\"article:publisher\" content=\"https:\/\/www.facebook.com\/mortycjacom\" \/>\n<meta property=\"article:modified_time\" content=\"2026-03-09T18:16:53+00:00\" \/>\n<meta property=\"og:image\" content=\"https:\/\/askarzeznik.pl\/sklep\/wp-content\/uploads\/2025\/06\/pexels-beyzahzah-89810429-15319046.jpg\" \/>\n\t<meta property=\"og:image:width\" content=\"1280\" \/>\n\t<meta property=\"og:image:height\" content=\"1574\" \/>\n\t<meta property=\"og:image:type\" content=\"image\/jpeg\" \/>\n<meta name=\"twitter:card\" content=\"summary_large_image\" \/>\n<meta name=\"twitter:label1\" content=\"Szacowany czas czytania\" \/>\n\t<meta name=\"twitter:data1\" content=\"1 minuta\" \/>\n<script type=\"application\/ld+json\" class=\"yoast-schema-graph\">{\"@context\":\"https:\/\/schema.org\",\"@graph\":[{\"@type\":\"WebPage\",\"@id\":\"https:\/\/askarzeznik.pl\/sklep\/produkt\/konsultacja\/\",\"url\":\"https:\/\/askarzeznik.pl\/sklep\/produkt\/konsultacja\/\",\"name\":\"Konsultacja dietetyczna &ndash; SMART VEGAN\",\"isPartOf\":{\"@id\":\"https:\/\/askarzeznik.pl\/sklep\/#website\"},\"datePublished\":\"2025-06-04T12:03:53+00:00\",\"dateModified\":\"2026-03-09T18:16:53+00:00\",\"breadcrumb\":{\"@id\":\"https:\/\/askarzeznik.pl\/sklep\/produkt\/konsultacja\/#breadcrumb\"},\"inLanguage\":\"pl-PL\",\"potentialAction\":[{\"@type\":\"ReadAction\",\"target\":[\"https:\/\/askarzeznik.pl\/sklep\/produkt\/konsultacja\/\"]}]},{\"@type\":\"BreadcrumbList\",\"@id\":\"https:\/\/askarzeznik.pl\/sklep\/produkt\/konsultacja\/#breadcrumb\",\"itemListElement\":[{\"@type\":\"ListItem\",\"position\":1,\"name\":\"Strona g\u0142\u00f3wna\",\"item\":\"https:\/\/askarzeznik.pl\/sklep\/\"},{\"@type\":\"ListItem\",\"position\":2,\"name\":\"Home\",\"item\":\"https:\/\/askarzeznik.pl\/sklep\/\"},{\"@type\":\"ListItem\",\"position\":3,\"name\":\"Konsultacja dietetyczna\"}]},{\"@type\":\"WebSite\",\"@id\":\"https:\/\/askarzeznik.pl\/sklep\/#website\",\"url\":\"https:\/\/askarzeznik.pl\/sklep\/\",\"name\":\"SMART VEGAN\",\"description\":\"Wykorzystaj sw\u00f3j spryt w kuchni ro\u015blinnej\",\"publisher\":{\"@id\":\"https:\/\/askarzeznik.pl\/sklep\/#organization\"},\"potentialAction\":[{\"@type\":\"SearchAction\",\"target\":{\"@type\":\"EntryPoint\",\"urlTemplate\":\"https:\/\/askarzeznik.pl\/sklep\/?s={search_term_string}\"},\"query-input\":\"required name=search_term_string\"}],\"inLanguage\":\"pl-PL\"},{\"@type\":\"Organization\",\"@id\":\"https:\/\/askarzeznik.pl\/sklep\/#organization\",\"name\":\"A\u015bka Rze\u017anik - blogerka wega\u0144ska\",\"url\":\"https:\/\/askarzeznik.pl\/sklep\/\",\"logo\":{\"@type\":\"ImageObject\",\"inLanguage\":\"pl-PL\",\"@id\":\"https:\/\/askarzeznik.pl\/sklep\/#\/schema\/logo\/image\/\",\"url\":\"https:\/\/askarzeznik.pl\/sklep\/wp-content\/uploads\/2020\/03\/logo.png\",\"contentUrl\":\"https:\/\/askarzeznik.pl\/sklep\/wp-content\/uploads\/2020\/03\/logo.png\",\"width\":575,\"height\":137,\"caption\":\"A\u015bka Rze\u017anik - blogerka wega\u0144ska\"},\"image\":{\"@id\":\"https:\/\/askarzeznik.pl\/sklep\/#\/schema\/logo\/image\/\"},\"sameAs\":[\"https:\/\/www.facebook.com\/mortycjacom\",\"https:\/\/www.instagram.com\/askarzeznik\/\"]}]}<\/script>\n<!-- \/ Yoast SEO plugin. -->","yoast_head_json":{"title":"Konsultacja dietetyczna &ndash; SMART VEGAN","robots":{"index":"index","follow":"follow","max-snippet":"max-snippet:-1","max-image-preview":"max-image-preview:large","max-video-preview":"max-video-preview:-1"},"canonical":"https:\/\/askarzeznik.pl\/sklep\/produkt\/konsultacja\/","og_locale":"pl_PL","og_type":"article","og_title":"Konsultacja dietetyczna &ndash; SMART VEGAN","og_description":"Konsultacja dietetyczna ok. 45 minut w formie video call lub telefonicznej.  Chcesz je\u015b\u0107 zdrowiej? Zastanawiasz si\u0119, czy twoja (lub twojego dziecka) dieta wega\u0144ska lub wegetaria\u0144ska jest dobrze zbilansowana? Lekarz kaza\u0142 Ci zmieni\u0107 diet\u0119 ze wzgl\u0119du na insulinooporno\u015b\u0107, a Ty nie masz poj\u0119cia, co zmieni\u0107 w swoich dotychczasowych posi\u0142kach? A mo\u017ce my\u015blisz o redukcji, ale sztywne jad\u0142ospisy i liczenie kalorii to nie twoja bajka?  Pomog\u0119 Ci - om\u00f3wimy twoj\u0105 obecn\u0105 diet\u0119 i nawyki \u017cywieniowe, oraz podpowiem, co zmieni\u0107 i jak, od czego zacz\u0105\u0107 i na czym si\u0119 skupi\u0107, aby je\u015b\u0107 lepiej bez ci\u0105g\u0142ego my\u015blenia o jedzeniu. To od\u017cywianie ma by\u0107 dostosowane pod twoje \u017cycie, a nie na odwr\u00f3t, i ja Ci w tym pomog\u0119!  Mo\u017cliwo\u015b\u0107 um\u00f3wienia si\u0119 w dogodnej dla Ciebie godzinie - rano lub wieczorem.\u00a0Po wykupieniu konsultacji napisz\u0119 do Ciebie mejla i um\u00f3wimy si\u0119 tak, jak Ci pasuje.","og_url":"https:\/\/askarzeznik.pl\/sklep\/produkt\/konsultacja\/","og_site_name":"SMART VEGAN","article_publisher":"https:\/\/www.facebook.com\/mortycjacom","article_modified_time":"2026-03-09T18:16:53+00:00","og_image":[{"width":1280,"height":1574,"url":"https:\/\/askarzeznik.pl\/sklep\/wp-content\/uploads\/2025\/06\/pexels-beyzahzah-89810429-15319046.jpg","type":"image\/jpeg"}],"twitter_card":"summary_large_image","twitter_misc":{"Szacowany czas czytania":"1 minuta"},"schema":{"@context":"https:\/\/schema.org","@graph":[{"@type":"WebPage","@id":"https:\/\/askarzeznik.pl\/sklep\/produkt\/konsultacja\/","url":"https:\/\/askarzeznik.pl\/sklep\/produkt\/konsultacja\/","name":"Konsultacja dietetyczna &ndash; SMART VEGAN","isPartOf":{"@id":"https:\/\/askarzeznik.pl\/sklep\/#website"},"datePublished":"2025-06-04T12:03:53+00:00","dateModified":"2026-03-09T18:16:53+00:00","breadcrumb":{"@id":"https:\/\/askarzeznik.pl\/sklep\/produkt\/konsultacja\/#breadcrumb"},"inLanguage":"pl-PL","potentialAction":[{"@type":"ReadAction","target":["https:\/\/askarzeznik.pl\/sklep\/produkt\/konsultacja\/"]}]},{"@type":"BreadcrumbList","@id":"https:\/\/askarzeznik.pl\/sklep\/produkt\/konsultacja\/#breadcrumb","itemListElement":[{"@type":"ListItem","position":1,"name":"Strona g\u0142\u00f3wna","item":"https:\/\/askarzeznik.pl\/sklep\/"},{"@type":"ListItem","position":2,"name":"Home","item":"https:\/\/askarzeznik.pl\/sklep\/"},{"@type":"ListItem","position":3,"name":"Konsultacja dietetyczna"}]},{"@type":"WebSite","@id":"https:\/\/askarzeznik.pl\/sklep\/#website","url":"https:\/\/askarzeznik.pl\/sklep\/","name":"SMART VEGAN","description":"Wykorzystaj sw\u00f3j spryt w kuchni ro\u015blinnej","publisher":{"@id":"https:\/\/askarzeznik.pl\/sklep\/#organization"},"potentialAction":[{"@type":"SearchAction","target":{"@type":"EntryPoint","urlTemplate":"https:\/\/askarzeznik.pl\/sklep\/?s={search_term_string}"},"query-input":"required name=search_term_string"}],"inLanguage":"pl-PL"},{"@type":"Organization","@id":"https:\/\/askarzeznik.pl\/sklep\/#organization","name":"A\u015bka Rze\u017anik - blogerka wega\u0144ska","url":"https:\/\/askarzeznik.pl\/sklep\/","logo":{"@type":"ImageObject","inLanguage":"pl-PL","@id":"https:\/\/askarzeznik.pl\/sklep\/#\/schema\/logo\/image\/","url":"https:\/\/askarzeznik.pl\/sklep\/wp-content\/uploads\/2020\/03\/logo.png","contentUrl":"https:\/\/askarzeznik.pl\/sklep\/wp-content\/uploads\/2020\/03\/logo.png","width":575,"height":137,"caption":"A\u015bka Rze\u017anik - blogerka wega\u0144ska"},"image":{"@id":"https:\/\/askarzeznik.pl\/sklep\/#\/schema\/logo\/image\/"},"sameAs":["https:\/\/www.facebook.com\/mortycjacom","https:\/\/www.instagram.com\/askarzeznik\/"]}]}},"_links":{"self":[{"href":"https:\/\/askarzeznik.pl\/sklep\/wp-json\/wp\/v2\/product\/8705"}],"collection":[{"href":"https:\/\/askarzeznik.pl\/sklep\/wp-json\/wp\/v2\/product"}],"about":[{"href":"https:\/\/askarzeznik.pl\/sklep\/wp-json\/wp\/v2\/types\/product"}],"replies":[{"embeddable":true,"href":"https:\/\/askarzeznik.pl\/sklep\/wp-json\/wp\/v2\/comments?post=8705"}],"wp:featuredmedia":[{"embeddable":true,"href":"https:\/\/askarzeznik.pl\/sklep\/wp-json\/wp\/v2\/media\/9035"}],"wp:attachment":[{"href":"https:\/\/askarzeznik.pl\/sklep\/wp-json\/wp\/v2\/media?parent=8705"}],"wp:term":[{"taxonomy":"product_cat","embeddable":true,"href":"https:\/\/askarzeznik.pl\/sklep\/wp-json\/wp\/v2\/product_cat?post=8705"},{"taxonomy":"product_tag","embeddable":true,"href":"https:\/\/askarzeznik.pl\/sklep\/wp-json\/wp\/v2\/product_tag?post=8705"}],"curies":[{"name":"wp","href":"https:\/\/api.w.org\/{rel}","templated":true}]}}