{"id":8209,"date":"2024-06-11T07:42:34","date_gmt":"2024-06-11T07:42:34","guid":{"rendered":"https:\/\/askarzeznik.pl\/sklep\/?post_type=product&#038;p=8209"},"modified":"2026-03-03T08:23:39","modified_gmt":"2026-03-03T08:23:39","slug":"ebooki-dla-dzieci-zestaw","status":"publish","type":"product","link":"https:\/\/askarzeznik.pl\/sklep\/produkt\/ebooki-dla-dzieci-zestaw\/","title":{"rendered":"ZESTAW 2 EBOOK\u00d3W Z PRZEPISAMI DLA DZIECI"},"content":{"rendered":"","protected":false},"excerpt":{"rendered":"<p>Szukasz\u00a0<strong>wega\u0144skich przepis\u00f3w dla ca\u0142ej rodziny<\/strong>? Chcesz gotowa\u0107 to samo dla niemowlaka lub ma\u0142ego dziecka i dla siebie, ale brakuje Ci pomys\u0142\u00f3w lub wiedzy albo&#8230; czasu? A mo\u017ce twoje dziecko ma alergie na bmk i bjk, i zastanawiasz si\u0119, co mu gotowa\u0107, by by\u0142o zdrowo i od\u017cywczo?Ten zestaw ebook\u00f3w jest dla Ciebie!<\/p>\n<ul>\n<li><a href=\"https:\/\/askarzeznik.pl\/sklep\/produkt\/smart-vegan-proste-roslinne-przepisy-dla-wege-dzieci-i-malych-alergikow-ebook-pdf\/\" target=\"_blank\" rel=\"noopener\">SMART VEGAN Proste ro\u015blinne przepisy dla wege dzieci i ma\u0142ych alergik\u00f3w<\/a><\/li>\n<li><a href=\"https:\/\/askarzeznik.pl\/sklep\/produkt\/dziecilato\/\" target=\"_blank\" rel=\"noopener\">SMART VEGAN Proste ro\u015blinne przepisy dla wege dzieci i ma\u0142ych alergik\u00f3w na lato<\/a><\/li>\n<\/ul>\n<p>Znajdziesz tutaj\u00a0<strong>proste wega\u0144skie przepisy<\/strong>, kt\u00f3re robi si\u0119 raz-dwa i kt\u00f3re posmakuj\u0105 i Tobie, i twojemu maluchowi.<\/p>\n<ul>\n<li>w sumie 100+ przepis\u00f3w + cz\u0119\u015b\u0107 teoretyczna o wega\u0144skiej diecie dziecka od strony zdrowotnej i o rozszerzaniu diety<\/li>\n<li>przepisy nadaj\u0105 si\u0119 od pocz\u0105tku rozszerzania diety<\/li>\n<li>podane miary domowe (szklanki, \u0142y\u017cki) i gramatury sk\u0142adnik\u00f3w<\/li>\n<li>oznaczone przepisy bezglutenowe<\/li>\n<li>podany czas przygotowania posi\u0142k\u00f3w<\/li>\n<\/ul>\n<p>Ebooki s\u0105 w formacie PDF i otrzymasz je od razu po zakupie.<\/p>\n","protected":false},"featured_media":8210,"comment_status":"open","ping_status":"closed","template":"","meta":[],"product_cat":[53],"product_tag":[],"yoast_head":"<!-- This site is optimized with the Yoast SEO plugin v20.9 - https:\/\/yoast.com\/wordpress\/plugins\/seo\/ -->\n<title>ZESTAW 2 EBOOK\u00d3W Z PRZEPISAMI DLA DZIECI &ndash; SMART VEGAN<\/title>\n<meta name=\"description\" content=\"Proste wega\u0144skie przepisy dla ca\u0142ej rodziny, r\u00f3wnie\u017c dla dzieci, od pocz\u0105tku rozszerzania diety. Nie tylko zreszt\u0105 dla wege dzieci, ale te\u017c dla alergik\u00f3w.\" \/>\n<meta name=\"robots\" content=\"index, follow, max-snippet:-1, max-image-preview:large, max-video-preview:-1\" \/>\n<link rel=\"canonical\" href=\"https:\/\/askarzeznik.pl\/sklep\/produkt\/ebooki-dla-dzieci-zestaw\/\" \/>\n<meta property=\"og:locale\" content=\"pl_PL\" \/>\n<meta property=\"og:type\" content=\"article\" \/>\n<meta property=\"og:title\" content=\"ZESTAW 2 EBOOK\u00d3W Z PRZEPISAMI DLA DZIECI &ndash; SMART VEGAN\" \/>\n<meta property=\"og:description\" content=\"Proste wega\u0144skie przepisy dla ca\u0142ej rodziny, r\u00f3wnie\u017c dla dzieci, od pocz\u0105tku rozszerzania diety. Nie tylko zreszt\u0105 dla wege dzieci, ale te\u017c dla alergik\u00f3w.\" \/>\n<meta property=\"og:url\" content=\"https:\/\/askarzeznik.pl\/sklep\/produkt\/ebooki-dla-dzieci-zestaw\/\" \/>\n<meta property=\"og:site_name\" content=\"SMART VEGAN\" \/>\n<meta property=\"article:publisher\" content=\"https:\/\/www.facebook.com\/mortycjacom\" \/>\n<meta property=\"article:modified_time\" content=\"2026-03-03T08:23:39+00:00\" \/>\n<meta property=\"og:image\" content=\"https:\/\/askarzeznik.pl\/sklep\/wp-content\/uploads\/2024\/06\/Untitled-design-23.png\" \/>\n\t<meta property=\"og:image:width\" content=\"1080\" \/>\n\t<meta property=\"og:image:height\" content=\"1080\" \/>\n\t<meta property=\"og:image:type\" content=\"image\/png\" \/>\n<meta name=\"twitter:card\" content=\"summary_large_image\" \/>\n<script type=\"application\/ld+json\" class=\"yoast-schema-graph\">{\"@context\":\"https:\/\/schema.org\",\"@graph\":[{\"@type\":\"WebPage\",\"@id\":\"https:\/\/askarzeznik.pl\/sklep\/produkt\/ebooki-dla-dzieci-zestaw\/\",\"url\":\"https:\/\/askarzeznik.pl\/sklep\/produkt\/ebooki-dla-dzieci-zestaw\/\",\"name\":\"ZESTAW 2 EBOOK\u00d3W Z PRZEPISAMI DLA DZIECI &ndash; SMART VEGAN\",\"isPartOf\":{\"@id\":\"https:\/\/askarzeznik.pl\/sklep\/#website\"},\"datePublished\":\"2024-06-11T07:42:34+00:00\",\"dateModified\":\"2026-03-03T08:23:39+00:00\",\"description\":\"Proste wega\u0144skie przepisy dla ca\u0142ej rodziny, r\u00f3wnie\u017c dla dzieci, od pocz\u0105tku rozszerzania diety. Nie tylko zreszt\u0105 dla wege dzieci, ale te\u017c dla alergik\u00f3w.\",\"breadcrumb\":{\"@id\":\"https:\/\/askarzeznik.pl\/sklep\/produkt\/ebooki-dla-dzieci-zestaw\/#breadcrumb\"},\"inLanguage\":\"pl-PL\",\"potentialAction\":[{\"@type\":\"ReadAction\",\"target\":[\"https:\/\/askarzeznik.pl\/sklep\/produkt\/ebooki-dla-dzieci-zestaw\/\"]}]},{\"@type\":\"BreadcrumbList\",\"@id\":\"https:\/\/askarzeznik.pl\/sklep\/produkt\/ebooki-dla-dzieci-zestaw\/#breadcrumb\",\"itemListElement\":[{\"@type\":\"ListItem\",\"position\":1,\"name\":\"Strona g\u0142\u00f3wna\",\"item\":\"https:\/\/askarzeznik.pl\/sklep\/\"},{\"@type\":\"ListItem\",\"position\":2,\"name\":\"Home\",\"item\":\"https:\/\/askarzeznik.pl\/sklep\/\"},{\"@type\":\"ListItem\",\"position\":3,\"name\":\"ZESTAW 2 EBOOK\u00d3W Z PRZEPISAMI DLA DZIECI\"}]},{\"@type\":\"WebSite\",\"@id\":\"https:\/\/askarzeznik.pl\/sklep\/#website\",\"url\":\"https:\/\/askarzeznik.pl\/sklep\/\",\"name\":\"SMART VEGAN\",\"description\":\"Wykorzystaj sw\u00f3j spryt w kuchni ro\u015blinnej\",\"publisher\":{\"@id\":\"https:\/\/askarzeznik.pl\/sklep\/#organization\"},\"potentialAction\":[{\"@type\":\"SearchAction\",\"target\":{\"@type\":\"EntryPoint\",\"urlTemplate\":\"https:\/\/askarzeznik.pl\/sklep\/?s={search_term_string}\"},\"query-input\":\"required name=search_term_string\"}],\"inLanguage\":\"pl-PL\"},{\"@type\":\"Organization\",\"@id\":\"https:\/\/askarzeznik.pl\/sklep\/#organization\",\"name\":\"A\u015bka Rze\u017anik - blogerka wega\u0144ska\",\"url\":\"https:\/\/askarzeznik.pl\/sklep\/\",\"logo\":{\"@type\":\"ImageObject\",\"inLanguage\":\"pl-PL\",\"@id\":\"https:\/\/askarzeznik.pl\/sklep\/#\/schema\/logo\/image\/\",\"url\":\"https:\/\/askarzeznik.pl\/sklep\/wp-content\/uploads\/2020\/03\/logo.png\",\"contentUrl\":\"https:\/\/askarzeznik.pl\/sklep\/wp-content\/uploads\/2020\/03\/logo.png\",\"width\":575,\"height\":137,\"caption\":\"A\u015bka Rze\u017anik - blogerka wega\u0144ska\"},\"image\":{\"@id\":\"https:\/\/askarzeznik.pl\/sklep\/#\/schema\/logo\/image\/\"},\"sameAs\":[\"https:\/\/www.facebook.com\/mortycjacom\",\"https:\/\/www.instagram.com\/askarzeznik\/\"]}]}<\/script>\n<!-- \/ Yoast SEO plugin. -->","yoast_head_json":{"title":"ZESTAW 2 EBOOK\u00d3W Z PRZEPISAMI DLA DZIECI &ndash; SMART VEGAN","description":"Proste wega\u0144skie przepisy dla ca\u0142ej rodziny, r\u00f3wnie\u017c dla dzieci, od pocz\u0105tku rozszerzania diety. Nie tylko zreszt\u0105 dla wege dzieci, ale te\u017c dla alergik\u00f3w.","robots":{"index":"index","follow":"follow","max-snippet":"max-snippet:-1","max-image-preview":"max-image-preview:large","max-video-preview":"max-video-preview:-1"},"canonical":"https:\/\/askarzeznik.pl\/sklep\/produkt\/ebooki-dla-dzieci-zestaw\/","og_locale":"pl_PL","og_type":"article","og_title":"ZESTAW 2 EBOOK\u00d3W Z PRZEPISAMI DLA DZIECI &ndash; SMART VEGAN","og_description":"Proste wega\u0144skie przepisy dla ca\u0142ej rodziny, r\u00f3wnie\u017c dla dzieci, od pocz\u0105tku rozszerzania diety. Nie tylko zreszt\u0105 dla wege dzieci, ale te\u017c dla alergik\u00f3w.","og_url":"https:\/\/askarzeznik.pl\/sklep\/produkt\/ebooki-dla-dzieci-zestaw\/","og_site_name":"SMART VEGAN","article_publisher":"https:\/\/www.facebook.com\/mortycjacom","article_modified_time":"2026-03-03T08:23:39+00:00","og_image":[{"width":1080,"height":1080,"url":"https:\/\/askarzeznik.pl\/sklep\/wp-content\/uploads\/2024\/06\/Untitled-design-23.png","type":"image\/png"}],"twitter_card":"summary_large_image","schema":{"@context":"https:\/\/schema.org","@graph":[{"@type":"WebPage","@id":"https:\/\/askarzeznik.pl\/sklep\/produkt\/ebooki-dla-dzieci-zestaw\/","url":"https:\/\/askarzeznik.pl\/sklep\/produkt\/ebooki-dla-dzieci-zestaw\/","name":"ZESTAW 2 EBOOK\u00d3W Z PRZEPISAMI DLA DZIECI &ndash; SMART VEGAN","isPartOf":{"@id":"https:\/\/askarzeznik.pl\/sklep\/#website"},"datePublished":"2024-06-11T07:42:34+00:00","dateModified":"2026-03-03T08:23:39+00:00","description":"Proste wega\u0144skie przepisy dla ca\u0142ej rodziny, r\u00f3wnie\u017c dla dzieci, od pocz\u0105tku rozszerzania diety. Nie tylko zreszt\u0105 dla wege dzieci, ale te\u017c dla alergik\u00f3w.","breadcrumb":{"@id":"https:\/\/askarzeznik.pl\/sklep\/produkt\/ebooki-dla-dzieci-zestaw\/#breadcrumb"},"inLanguage":"pl-PL","potentialAction":[{"@type":"ReadAction","target":["https:\/\/askarzeznik.pl\/sklep\/produkt\/ebooki-dla-dzieci-zestaw\/"]}]},{"@type":"BreadcrumbList","@id":"https:\/\/askarzeznik.pl\/sklep\/produkt\/ebooki-dla-dzieci-zestaw\/#breadcrumb","itemListElement":[{"@type":"ListItem","position":1,"name":"Strona g\u0142\u00f3wna","item":"https:\/\/askarzeznik.pl\/sklep\/"},{"@type":"ListItem","position":2,"name":"Home","item":"https:\/\/askarzeznik.pl\/sklep\/"},{"@type":"ListItem","position":3,"name":"ZESTAW 2 EBOOK\u00d3W Z PRZEPISAMI DLA DZIECI"}]},{"@type":"WebSite","@id":"https:\/\/askarzeznik.pl\/sklep\/#website","url":"https:\/\/askarzeznik.pl\/sklep\/","name":"SMART VEGAN","description":"Wykorzystaj sw\u00f3j spryt w kuchni ro\u015blinnej","publisher":{"@id":"https:\/\/askarzeznik.pl\/sklep\/#organization"},"potentialAction":[{"@type":"SearchAction","target":{"@type":"EntryPoint","urlTemplate":"https:\/\/askarzeznik.pl\/sklep\/?s={search_term_string}"},"query-input":"required name=search_term_string"}],"inLanguage":"pl-PL"},{"@type":"Organization","@id":"https:\/\/askarzeznik.pl\/sklep\/#organization","name":"A\u015bka Rze\u017anik - blogerka wega\u0144ska","url":"https:\/\/askarzeznik.pl\/sklep\/","logo":{"@type":"ImageObject","inLanguage":"pl-PL","@id":"https:\/\/askarzeznik.pl\/sklep\/#\/schema\/logo\/image\/","url":"https:\/\/askarzeznik.pl\/sklep\/wp-content\/uploads\/2020\/03\/logo.png","contentUrl":"https:\/\/askarzeznik.pl\/sklep\/wp-content\/uploads\/2020\/03\/logo.png","width":575,"height":137,"caption":"A\u015bka Rze\u017anik - blogerka wega\u0144ska"},"image":{"@id":"https:\/\/askarzeznik.pl\/sklep\/#\/schema\/logo\/image\/"},"sameAs":["https:\/\/www.facebook.com\/mortycjacom","https:\/\/www.instagram.com\/askarzeznik\/"]}]}},"_links":{"self":[{"href":"https:\/\/askarzeznik.pl\/sklep\/wp-json\/wp\/v2\/product\/8209"}],"collection":[{"href":"https:\/\/askarzeznik.pl\/sklep\/wp-json\/wp\/v2\/product"}],"about":[{"href":"https:\/\/askarzeznik.pl\/sklep\/wp-json\/wp\/v2\/types\/product"}],"replies":[{"embeddable":true,"href":"https:\/\/askarzeznik.pl\/sklep\/wp-json\/wp\/v2\/comments?post=8209"}],"wp:featuredmedia":[{"embeddable":true,"href":"https:\/\/askarzeznik.pl\/sklep\/wp-json\/wp\/v2\/media\/8210"}],"wp:attachment":[{"href":"https:\/\/askarzeznik.pl\/sklep\/wp-json\/wp\/v2\/media?parent=8209"}],"wp:term":[{"taxonomy":"product_cat","embeddable":true,"href":"https:\/\/askarzeznik.pl\/sklep\/wp-json\/wp\/v2\/product_cat?post=8209"},{"taxonomy":"product_tag","embeddable":true,"href":"https:\/\/askarzeznik.pl\/sklep\/wp-json\/wp\/v2\/product_tag?post=8209"}],"curies":[{"name":"wp","href":"https:\/\/api.w.org\/{rel}","templated":true}]}}