{"id":7901,"date":"2024-04-12T22:57:05","date_gmt":"2024-04-12T22:57:05","guid":{"rendered":"https:\/\/askarzeznik.pl\/sklep\/?post_type=product&#038;p=7901"},"modified":"2025-07-19T22:15:04","modified_gmt":"2025-07-19T22:15:04","slug":"smart-vegan-proste-roslinne-przepisy-dla-wege-dzieci-i-malych-alergikow-ebook-pdf","status":"publish","type":"product","link":"https:\/\/askarzeznik.pl\/sklep\/produkt\/smart-vegan-proste-roslinne-przepisy-dla-wege-dzieci-i-malych-alergikow-ebook-pdf\/","title":{"rendered":"SMART VEGAN Proste ro\u015blinne przepisy dla wege dzieci i ma\u0142ych alergik\u00f3w [ebook PDF]"},"content":{"rendered":"","protected":false},"excerpt":{"rendered":"<p>Szukasz\u00a0<strong>wega\u0144skich przepis\u00f3w dla ca\u0142ej rodziny<\/strong>? Chcesz gotowa\u0107 to samo dla niemowlaka lub ma\u0142ego dziecka i dla siebie, ale brakuje Ci pomys\u0142\u00f3w lub wiedzy albo&#8230; czasu? A mo\u017ce twoje dziecko ma alergie na bmk i bjk, i zastanawiasz si\u0119, co mu gotowa\u0107, by by\u0142o zdrowo i od\u017cywczo?Ten ebook jest dla Ciebie!<\/p>\n<p><a href=\"https:\/\/askarzeznik.pl\/sklep\/produkt\/wegedziecko-pakiet-z-audio\/\" target=\"_blank\" rel=\"noopener\"><strong><span style=\"color: #ff0000;\">Dost\u0119pna tak\u017ce wersja z audiobookiem [kliknij tu]<\/span><\/strong><\/a><\/p>\n<p>Znajdziesz tutaj\u00a0<strong>proste wega\u0144skie przepisy<\/strong>, kt\u00f3re robi si\u0119 raz-dwa i kt\u00f3re posmakuj\u0105 i Tobie, i twojemu maluchowi.<\/p>\n<ul>\n<li>54 przepisy + cz\u0119\u015b\u0107 teoretyczna o wega\u0144skiej diecie dziecka od strony zdrowotnej i o rozszerzaniu diety<\/li>\n<li>rozdzia\u0142y: do chleba, \u015bniadania na s\u0142odko, \u015bniadania na s\u0142ono, zupy, obiady, s\u0142odko\u015bci<\/li>\n<li>przepisy nadaj\u0105 si\u0119 od pocz\u0105tku rozszerzania diety<\/li>\n<li>podane miary domowe (szklanki, \u0142y\u017cki) i gramatury sk\u0142adnik\u00f3w<\/li>\n<li>oznaczone przepisy bezglutenowe<\/li>\n<li>podany czas przygotowania posi\u0142k\u00f3w<\/li>\n<\/ul>\n<p>Ebook jest w formacie PDF i otrzymasz go od razu po zaksi\u0119gowaniu p\u0142atno\u015bci.<\/p>\n<p>Mo\u017cesz te\u017c kupi\u0107 <a href=\"https:\/\/askarzeznik.pl\/sklep\/produkt\/wegedziecko-pakiet-z-audio\/\" target=\"_blank\" rel=\"noopener\"><strong><span style=\"color: #ff0000;\">pakiet z audiobookiem<\/span><\/strong><\/a> &#8211; wiem, \u017ce rodzicom zawsze brakuje czasu, wi\u0119c teoretycznej cz\u0119\u015bci ebooka b\u0119dziesz mog\u0142a pos\u0142ucha\u0107 przy gotowaniu, sprz\u0105taniu albo na s\u0142uchawkach w drodze do pracy lub po odbi\u00f3r dziecka z przedszkola.<\/p>\n","protected":false},"featured_media":7909,"comment_status":"open","ping_status":"closed","template":"","meta":[],"product_cat":[53],"product_tag":[],"yoast_head":"<!-- This site is optimized with the Yoast SEO plugin v20.9 - https:\/\/yoast.com\/wordpress\/plugins\/seo\/ -->\n<title>SMART VEGAN Proste ro\u015blinne przepisy dla wege dzieci i ma\u0142ych alergik\u00f3w [ebook PDF] &ndash; SMART VEGAN<\/title>\n<meta name=\"description\" content=\"Proste wega\u0144skie przepisy dla ca\u0142ej rodziny, r\u00f3wnie\u017c dla dzieci, od pocz\u0105tku rozszerzania diety. Nie tylko zreszt\u0105 dla wege dzieci, ale te\u017c dla alergik\u00f3w.\" \/>\n<meta name=\"robots\" content=\"index, follow, max-snippet:-1, max-image-preview:large, max-video-preview:-1\" \/>\n<link rel=\"canonical\" href=\"https:\/\/askarzeznik.pl\/sklep\/produkt\/smart-vegan-proste-roslinne-przepisy-dla-wege-dzieci-i-malych-alergikow-ebook-pdf\/\" \/>\n<meta property=\"og:locale\" content=\"pl_PL\" \/>\n<meta property=\"og:type\" content=\"article\" \/>\n<meta property=\"og:title\" content=\"SMART VEGAN Proste ro\u015blinne przepisy dla wege dzieci i ma\u0142ych alergik\u00f3w [ebook PDF] &ndash; SMART VEGAN\" \/>\n<meta property=\"og:description\" content=\"Proste wega\u0144skie przepisy dla ca\u0142ej rodziny, r\u00f3wnie\u017c dla dzieci, od pocz\u0105tku rozszerzania diety. Nie tylko zreszt\u0105 dla wege dzieci, ale te\u017c dla alergik\u00f3w.\" \/>\n<meta property=\"og:url\" content=\"https:\/\/askarzeznik.pl\/sklep\/produkt\/smart-vegan-proste-roslinne-przepisy-dla-wege-dzieci-i-malych-alergikow-ebook-pdf\/\" \/>\n<meta property=\"og:site_name\" content=\"SMART VEGAN\" \/>\n<meta property=\"article:publisher\" content=\"https:\/\/www.facebook.com\/mortycjacom\" \/>\n<meta property=\"article:modified_time\" content=\"2025-07-19T22:15:04+00:00\" \/>\n<meta property=\"og:image\" content=\"https:\/\/askarzeznik.pl\/sklep\/wp-content\/uploads\/2024\/04\/wegedzieciokladka.jpg\" \/>\n\t<meta property=\"og:image:width\" content=\"702\" \/>\n\t<meta property=\"og:image:height\" content=\"994\" \/>\n\t<meta property=\"og:image:type\" content=\"image\/jpeg\" \/>\n<meta name=\"twitter:card\" content=\"summary_large_image\" \/>\n<script type=\"application\/ld+json\" class=\"yoast-schema-graph\">{\"@context\":\"https:\/\/schema.org\",\"@graph\":[{\"@type\":\"WebPage\",\"@id\":\"https:\/\/askarzeznik.pl\/sklep\/produkt\/smart-vegan-proste-roslinne-przepisy-dla-wege-dzieci-i-malych-alergikow-ebook-pdf\/\",\"url\":\"https:\/\/askarzeznik.pl\/sklep\/produkt\/smart-vegan-proste-roslinne-przepisy-dla-wege-dzieci-i-malych-alergikow-ebook-pdf\/\",\"name\":\"SMART VEGAN Proste ro\u015blinne przepisy dla wege dzieci i ma\u0142ych alergik\u00f3w [ebook PDF] &ndash; SMART VEGAN\",\"isPartOf\":{\"@id\":\"https:\/\/askarzeznik.pl\/sklep\/#website\"},\"datePublished\":\"2024-04-12T22:57:05+00:00\",\"dateModified\":\"2025-07-19T22:15:04+00:00\",\"description\":\"Proste wega\u0144skie przepisy dla ca\u0142ej rodziny, r\u00f3wnie\u017c dla dzieci, od pocz\u0105tku rozszerzania diety. Nie tylko zreszt\u0105 dla wege dzieci, ale te\u017c dla alergik\u00f3w.\",\"breadcrumb\":{\"@id\":\"https:\/\/askarzeznik.pl\/sklep\/produkt\/smart-vegan-proste-roslinne-przepisy-dla-wege-dzieci-i-malych-alergikow-ebook-pdf\/#breadcrumb\"},\"inLanguage\":\"pl-PL\",\"potentialAction\":[{\"@type\":\"ReadAction\",\"target\":[\"https:\/\/askarzeznik.pl\/sklep\/produkt\/smart-vegan-proste-roslinne-przepisy-dla-wege-dzieci-i-malych-alergikow-ebook-pdf\/\"]}]},{\"@type\":\"BreadcrumbList\",\"@id\":\"https:\/\/askarzeznik.pl\/sklep\/produkt\/smart-vegan-proste-roslinne-przepisy-dla-wege-dzieci-i-malych-alergikow-ebook-pdf\/#breadcrumb\",\"itemListElement\":[{\"@type\":\"ListItem\",\"position\":1,\"name\":\"Strona g\u0142\u00f3wna\",\"item\":\"https:\/\/askarzeznik.pl\/sklep\/\"},{\"@type\":\"ListItem\",\"position\":2,\"name\":\"Home\",\"item\":\"https:\/\/askarzeznik.pl\/sklep\/\"},{\"@type\":\"ListItem\",\"position\":3,\"name\":\"SMART VEGAN Proste ro\u015blinne przepisy dla wege dzieci i ma\u0142ych alergik\u00f3w [ebook PDF]\"}]},{\"@type\":\"WebSite\",\"@id\":\"https:\/\/askarzeznik.pl\/sklep\/#website\",\"url\":\"https:\/\/askarzeznik.pl\/sklep\/\",\"name\":\"SMART VEGAN\",\"description\":\"Wykorzystaj sw\u00f3j spryt w kuchni ro\u015blinnej\",\"publisher\":{\"@id\":\"https:\/\/askarzeznik.pl\/sklep\/#organization\"},\"potentialAction\":[{\"@type\":\"SearchAction\",\"target\":{\"@type\":\"EntryPoint\",\"urlTemplate\":\"https:\/\/askarzeznik.pl\/sklep\/?s={search_term_string}\"},\"query-input\":\"required name=search_term_string\"}],\"inLanguage\":\"pl-PL\"},{\"@type\":\"Organization\",\"@id\":\"https:\/\/askarzeznik.pl\/sklep\/#organization\",\"name\":\"A\u015bka Rze\u017anik - blogerka wega\u0144ska\",\"url\":\"https:\/\/askarzeznik.pl\/sklep\/\",\"logo\":{\"@type\":\"ImageObject\",\"inLanguage\":\"pl-PL\",\"@id\":\"https:\/\/askarzeznik.pl\/sklep\/#\/schema\/logo\/image\/\",\"url\":\"https:\/\/askarzeznik.pl\/sklep\/wp-content\/uploads\/2020\/03\/logo.png\",\"contentUrl\":\"https:\/\/askarzeznik.pl\/sklep\/wp-content\/uploads\/2020\/03\/logo.png\",\"width\":575,\"height\":137,\"caption\":\"A\u015bka Rze\u017anik - blogerka wega\u0144ska\"},\"image\":{\"@id\":\"https:\/\/askarzeznik.pl\/sklep\/#\/schema\/logo\/image\/\"},\"sameAs\":[\"https:\/\/www.facebook.com\/mortycjacom\",\"https:\/\/www.instagram.com\/askarzeznik\/\"]}]}<\/script>\n<!-- \/ Yoast SEO plugin. -->","yoast_head_json":{"title":"SMART VEGAN Proste ro\u015blinne przepisy dla wege dzieci i ma\u0142ych alergik\u00f3w [ebook PDF] &ndash; SMART VEGAN","description":"Proste wega\u0144skie przepisy dla ca\u0142ej rodziny, r\u00f3wnie\u017c dla dzieci, od pocz\u0105tku rozszerzania diety. Nie tylko zreszt\u0105 dla wege dzieci, ale te\u017c dla alergik\u00f3w.","robots":{"index":"index","follow":"follow","max-snippet":"max-snippet:-1","max-image-preview":"max-image-preview:large","max-video-preview":"max-video-preview:-1"},"canonical":"https:\/\/askarzeznik.pl\/sklep\/produkt\/smart-vegan-proste-roslinne-przepisy-dla-wege-dzieci-i-malych-alergikow-ebook-pdf\/","og_locale":"pl_PL","og_type":"article","og_title":"SMART VEGAN Proste ro\u015blinne przepisy dla wege dzieci i ma\u0142ych alergik\u00f3w [ebook PDF] &ndash; SMART VEGAN","og_description":"Proste wega\u0144skie przepisy dla ca\u0142ej rodziny, r\u00f3wnie\u017c dla dzieci, od pocz\u0105tku rozszerzania diety. Nie tylko zreszt\u0105 dla wege dzieci, ale te\u017c dla alergik\u00f3w.","og_url":"https:\/\/askarzeznik.pl\/sklep\/produkt\/smart-vegan-proste-roslinne-przepisy-dla-wege-dzieci-i-malych-alergikow-ebook-pdf\/","og_site_name":"SMART VEGAN","article_publisher":"https:\/\/www.facebook.com\/mortycjacom","article_modified_time":"2025-07-19T22:15:04+00:00","og_image":[{"width":702,"height":994,"url":"https:\/\/askarzeznik.pl\/sklep\/wp-content\/uploads\/2024\/04\/wegedzieciokladka.jpg","type":"image\/jpeg"}],"twitter_card":"summary_large_image","schema":{"@context":"https:\/\/schema.org","@graph":[{"@type":"WebPage","@id":"https:\/\/askarzeznik.pl\/sklep\/produkt\/smart-vegan-proste-roslinne-przepisy-dla-wege-dzieci-i-malych-alergikow-ebook-pdf\/","url":"https:\/\/askarzeznik.pl\/sklep\/produkt\/smart-vegan-proste-roslinne-przepisy-dla-wege-dzieci-i-malych-alergikow-ebook-pdf\/","name":"SMART VEGAN Proste ro\u015blinne przepisy dla wege dzieci i ma\u0142ych alergik\u00f3w [ebook PDF] &ndash; SMART VEGAN","isPartOf":{"@id":"https:\/\/askarzeznik.pl\/sklep\/#website"},"datePublished":"2024-04-12T22:57:05+00:00","dateModified":"2025-07-19T22:15:04+00:00","description":"Proste wega\u0144skie przepisy dla ca\u0142ej rodziny, r\u00f3wnie\u017c dla dzieci, od pocz\u0105tku rozszerzania diety. Nie tylko zreszt\u0105 dla wege dzieci, ale te\u017c dla alergik\u00f3w.","breadcrumb":{"@id":"https:\/\/askarzeznik.pl\/sklep\/produkt\/smart-vegan-proste-roslinne-przepisy-dla-wege-dzieci-i-malych-alergikow-ebook-pdf\/#breadcrumb"},"inLanguage":"pl-PL","potentialAction":[{"@type":"ReadAction","target":["https:\/\/askarzeznik.pl\/sklep\/produkt\/smart-vegan-proste-roslinne-przepisy-dla-wege-dzieci-i-malych-alergikow-ebook-pdf\/"]}]},{"@type":"BreadcrumbList","@id":"https:\/\/askarzeznik.pl\/sklep\/produkt\/smart-vegan-proste-roslinne-przepisy-dla-wege-dzieci-i-malych-alergikow-ebook-pdf\/#breadcrumb","itemListElement":[{"@type":"ListItem","position":1,"name":"Strona g\u0142\u00f3wna","item":"https:\/\/askarzeznik.pl\/sklep\/"},{"@type":"ListItem","position":2,"name":"Home","item":"https:\/\/askarzeznik.pl\/sklep\/"},{"@type":"ListItem","position":3,"name":"SMART VEGAN Proste ro\u015blinne przepisy dla wege dzieci i ma\u0142ych alergik\u00f3w [ebook PDF]"}]},{"@type":"WebSite","@id":"https:\/\/askarzeznik.pl\/sklep\/#website","url":"https:\/\/askarzeznik.pl\/sklep\/","name":"SMART VEGAN","description":"Wykorzystaj sw\u00f3j spryt w kuchni ro\u015blinnej","publisher":{"@id":"https:\/\/askarzeznik.pl\/sklep\/#organization"},"potentialAction":[{"@type":"SearchAction","target":{"@type":"EntryPoint","urlTemplate":"https:\/\/askarzeznik.pl\/sklep\/?s={search_term_string}"},"query-input":"required name=search_term_string"}],"inLanguage":"pl-PL"},{"@type":"Organization","@id":"https:\/\/askarzeznik.pl\/sklep\/#organization","name":"A\u015bka Rze\u017anik - blogerka wega\u0144ska","url":"https:\/\/askarzeznik.pl\/sklep\/","logo":{"@type":"ImageObject","inLanguage":"pl-PL","@id":"https:\/\/askarzeznik.pl\/sklep\/#\/schema\/logo\/image\/","url":"https:\/\/askarzeznik.pl\/sklep\/wp-content\/uploads\/2020\/03\/logo.png","contentUrl":"https:\/\/askarzeznik.pl\/sklep\/wp-content\/uploads\/2020\/03\/logo.png","width":575,"height":137,"caption":"A\u015bka Rze\u017anik - blogerka wega\u0144ska"},"image":{"@id":"https:\/\/askarzeznik.pl\/sklep\/#\/schema\/logo\/image\/"},"sameAs":["https:\/\/www.facebook.com\/mortycjacom","https:\/\/www.instagram.com\/askarzeznik\/"]}]}},"_links":{"self":[{"href":"https:\/\/askarzeznik.pl\/sklep\/wp-json\/wp\/v2\/product\/7901"}],"collection":[{"href":"https:\/\/askarzeznik.pl\/sklep\/wp-json\/wp\/v2\/product"}],"about":[{"href":"https:\/\/askarzeznik.pl\/sklep\/wp-json\/wp\/v2\/types\/product"}],"replies":[{"embeddable":true,"href":"https:\/\/askarzeznik.pl\/sklep\/wp-json\/wp\/v2\/comments?post=7901"}],"wp:featuredmedia":[{"embeddable":true,"href":"https:\/\/askarzeznik.pl\/sklep\/wp-json\/wp\/v2\/media\/7909"}],"wp:attachment":[{"href":"https:\/\/askarzeznik.pl\/sklep\/wp-json\/wp\/v2\/media?parent=7901"}],"wp:term":[{"taxonomy":"product_cat","embeddable":true,"href":"https:\/\/askarzeznik.pl\/sklep\/wp-json\/wp\/v2\/product_cat?post=7901"},{"taxonomy":"product_tag","embeddable":true,"href":"https:\/\/askarzeznik.pl\/sklep\/wp-json\/wp\/v2\/product_tag?post=7901"}],"curies":[{"name":"wp","href":"https:\/\/api.w.org\/{rel}","templated":true}]}}