{"id":7515,"date":"2023-12-11T13:25:23","date_gmt":"2023-12-11T13:25:23","guid":{"rendered":"https:\/\/askarzeznik.pl\/sklep\/?post_type=product&#038;p=7515"},"modified":"2025-06-08T20:58:20","modified_gmt":"2025-06-08T20:58:20","slug":"plakat-roslinne-zrodla-zelaza-do-wydruku-pdf","status":"publish","type":"product","link":"https:\/\/askarzeznik.pl\/sklep\/produkt\/plakat-roslinne-zrodla-zelaza-do-wydruku-pdf\/","title":{"rendered":"Plakat &#8222;Ro\u015blinne \u017ar\u00f3d\u0142a \u017celaza&#8221; do wydruku [PDF]"},"content":{"rendered":"","protected":false},"excerpt":{"rendered":"<p>Chcesz przej\u015b\u0107 na weganizm? A mo\u017ce szukasz pomys\u0142u na prezent dla znajomej weganki albo weganina? Ten plakat to \u015bwietny pomys\u0142 na nietuzinkow\u0105 ozdob\u0119 kuchni albo ciekawy podarunek pod choink\u0119. Pi\u0119kny i funkcjonalny, bo przypomni Ci o prawid\u0142owej diecie.<\/p>\n<p>Plakat otrzymasz w formacie PDF &#8211; jest to wersja do druku.<\/p>\n<p>Projekt plakatu: Magdalena Polakowska [vote for pralka]<\/p>\n","protected":false},"featured_media":7516,"comment_status":"open","ping_status":"closed","template":"","meta":[],"product_cat":[15],"product_tag":[],"yoast_head":"<!-- This site is optimized with the Yoast SEO plugin v20.9 - https:\/\/yoast.com\/wordpress\/plugins\/seo\/ -->\n<title>Plakat &quot;Ro\u015blinne \u017ar\u00f3d\u0142a \u017celaza&quot; do wydruku [PDF] &ndash; SMART VEGAN<\/title>\n<meta name=\"description\" content=\"Plakat do kuchni dla weganina lub weganki &quot;Ro\u015blinne \u017ar\u00f3d\u0142a \u017celaza&quot; - pi\u0119kny pomys\u0142 na prezent albo ozdob\u0119 do kuchni, gdy chcesz przej\u015b\u0107 na weganizm\" \/>\n<meta name=\"robots\" content=\"index, follow, max-snippet:-1, max-image-preview:large, max-video-preview:-1\" \/>\n<link rel=\"canonical\" href=\"https:\/\/askarzeznik.pl\/sklep\/produkt\/plakat-roslinne-zrodla-zelaza-do-wydruku-pdf\/\" \/>\n<meta property=\"og:locale\" content=\"pl_PL\" \/>\n<meta property=\"og:type\" content=\"article\" \/>\n<meta property=\"og:title\" content=\"Plakat &quot;Ro\u015blinne \u017ar\u00f3d\u0142a \u017celaza&quot; do wydruku [PDF] &ndash; SMART VEGAN\" \/>\n<meta property=\"og:description\" content=\"Plakat do kuchni dla weganina lub weganki &quot;Ro\u015blinne \u017ar\u00f3d\u0142a \u017celaza&quot; - pi\u0119kny pomys\u0142 na prezent albo ozdob\u0119 do kuchni, gdy chcesz przej\u015b\u0107 na weganizm\" \/>\n<meta property=\"og:url\" content=\"https:\/\/askarzeznik.pl\/sklep\/produkt\/plakat-roslinne-zrodla-zelaza-do-wydruku-pdf\/\" \/>\n<meta property=\"og:site_name\" content=\"SMART VEGAN\" \/>\n<meta property=\"article:publisher\" content=\"https:\/\/www.facebook.com\/mortycjacom\" \/>\n<meta property=\"article:modified_time\" content=\"2025-06-08T20:58:20+00:00\" \/>\n<meta property=\"og:image\" content=\"https:\/\/askarzeznik.pl\/sklep\/wp-content\/uploads\/2023\/12\/plakat-wizka.jpg\" \/>\n\t<meta property=\"og:image:width\" content=\"1955\" \/>\n\t<meta property=\"og:image:height\" content=\"1938\" \/>\n\t<meta property=\"og:image:type\" content=\"image\/jpeg\" \/>\n<meta name=\"twitter:card\" content=\"summary_large_image\" \/>\n<script type=\"application\/ld+json\" class=\"yoast-schema-graph\">{\"@context\":\"https:\/\/schema.org\",\"@graph\":[{\"@type\":\"WebPage\",\"@id\":\"https:\/\/askarzeznik.pl\/sklep\/produkt\/plakat-roslinne-zrodla-zelaza-do-wydruku-pdf\/\",\"url\":\"https:\/\/askarzeznik.pl\/sklep\/produkt\/plakat-roslinne-zrodla-zelaza-do-wydruku-pdf\/\",\"name\":\"Plakat \\\"Ro\u015blinne \u017ar\u00f3d\u0142a \u017celaza\\\" do wydruku [PDF] &ndash; SMART VEGAN\",\"isPartOf\":{\"@id\":\"https:\/\/askarzeznik.pl\/sklep\/#website\"},\"datePublished\":\"2023-12-11T13:25:23+00:00\",\"dateModified\":\"2025-06-08T20:58:20+00:00\",\"description\":\"Plakat do kuchni dla weganina lub weganki \\\"Ro\u015blinne \u017ar\u00f3d\u0142a \u017celaza\\\" - pi\u0119kny pomys\u0142 na prezent albo ozdob\u0119 do kuchni, gdy chcesz przej\u015b\u0107 na weganizm\",\"breadcrumb\":{\"@id\":\"https:\/\/askarzeznik.pl\/sklep\/produkt\/plakat-roslinne-zrodla-zelaza-do-wydruku-pdf\/#breadcrumb\"},\"inLanguage\":\"pl-PL\",\"potentialAction\":[{\"@type\":\"ReadAction\",\"target\":[\"https:\/\/askarzeznik.pl\/sklep\/produkt\/plakat-roslinne-zrodla-zelaza-do-wydruku-pdf\/\"]}]},{\"@type\":\"BreadcrumbList\",\"@id\":\"https:\/\/askarzeznik.pl\/sklep\/produkt\/plakat-roslinne-zrodla-zelaza-do-wydruku-pdf\/#breadcrumb\",\"itemListElement\":[{\"@type\":\"ListItem\",\"position\":1,\"name\":\"Strona g\u0142\u00f3wna\",\"item\":\"https:\/\/askarzeznik.pl\/sklep\/\"},{\"@type\":\"ListItem\",\"position\":2,\"name\":\"Home\",\"item\":\"https:\/\/askarzeznik.pl\/sklep\/\"},{\"@type\":\"ListItem\",\"position\":3,\"name\":\"Plakat &#8222;Ro\u015blinne \u017ar\u00f3d\u0142a \u017celaza&#8221; do wydruku [PDF]\"}]},{\"@type\":\"WebSite\",\"@id\":\"https:\/\/askarzeznik.pl\/sklep\/#website\",\"url\":\"https:\/\/askarzeznik.pl\/sklep\/\",\"name\":\"SMART VEGAN\",\"description\":\"Wykorzystaj sw\u00f3j spryt w kuchni ro\u015blinnej\",\"publisher\":{\"@id\":\"https:\/\/askarzeznik.pl\/sklep\/#organization\"},\"potentialAction\":[{\"@type\":\"SearchAction\",\"target\":{\"@type\":\"EntryPoint\",\"urlTemplate\":\"https:\/\/askarzeznik.pl\/sklep\/?s={search_term_string}\"},\"query-input\":\"required name=search_term_string\"}],\"inLanguage\":\"pl-PL\"},{\"@type\":\"Organization\",\"@id\":\"https:\/\/askarzeznik.pl\/sklep\/#organization\",\"name\":\"A\u015bka Rze\u017anik - blogerka wega\u0144ska\",\"url\":\"https:\/\/askarzeznik.pl\/sklep\/\",\"logo\":{\"@type\":\"ImageObject\",\"inLanguage\":\"pl-PL\",\"@id\":\"https:\/\/askarzeznik.pl\/sklep\/#\/schema\/logo\/image\/\",\"url\":\"https:\/\/askarzeznik.pl\/sklep\/wp-content\/uploads\/2020\/03\/logo.png\",\"contentUrl\":\"https:\/\/askarzeznik.pl\/sklep\/wp-content\/uploads\/2020\/03\/logo.png\",\"width\":575,\"height\":137,\"caption\":\"A\u015bka Rze\u017anik - blogerka wega\u0144ska\"},\"image\":{\"@id\":\"https:\/\/askarzeznik.pl\/sklep\/#\/schema\/logo\/image\/\"},\"sameAs\":[\"https:\/\/www.facebook.com\/mortycjacom\",\"https:\/\/www.instagram.com\/askarzeznik\/\"]}]}<\/script>\n<!-- \/ Yoast SEO plugin. -->","yoast_head_json":{"title":"Plakat \"Ro\u015blinne \u017ar\u00f3d\u0142a \u017celaza\" do wydruku [PDF] &ndash; SMART VEGAN","description":"Plakat do kuchni dla weganina lub weganki \"Ro\u015blinne \u017ar\u00f3d\u0142a \u017celaza\" - pi\u0119kny pomys\u0142 na prezent albo ozdob\u0119 do kuchni, gdy chcesz przej\u015b\u0107 na weganizm","robots":{"index":"index","follow":"follow","max-snippet":"max-snippet:-1","max-image-preview":"max-image-preview:large","max-video-preview":"max-video-preview:-1"},"canonical":"https:\/\/askarzeznik.pl\/sklep\/produkt\/plakat-roslinne-zrodla-zelaza-do-wydruku-pdf\/","og_locale":"pl_PL","og_type":"article","og_title":"Plakat \"Ro\u015blinne \u017ar\u00f3d\u0142a \u017celaza\" do wydruku [PDF] &ndash; SMART VEGAN","og_description":"Plakat do kuchni dla weganina lub weganki \"Ro\u015blinne \u017ar\u00f3d\u0142a \u017celaza\" - pi\u0119kny pomys\u0142 na prezent albo ozdob\u0119 do kuchni, gdy chcesz przej\u015b\u0107 na weganizm","og_url":"https:\/\/askarzeznik.pl\/sklep\/produkt\/plakat-roslinne-zrodla-zelaza-do-wydruku-pdf\/","og_site_name":"SMART VEGAN","article_publisher":"https:\/\/www.facebook.com\/mortycjacom","article_modified_time":"2025-06-08T20:58:20+00:00","og_image":[{"width":1955,"height":1938,"url":"https:\/\/askarzeznik.pl\/sklep\/wp-content\/uploads\/2023\/12\/plakat-wizka.jpg","type":"image\/jpeg"}],"twitter_card":"summary_large_image","schema":{"@context":"https:\/\/schema.org","@graph":[{"@type":"WebPage","@id":"https:\/\/askarzeznik.pl\/sklep\/produkt\/plakat-roslinne-zrodla-zelaza-do-wydruku-pdf\/","url":"https:\/\/askarzeznik.pl\/sklep\/produkt\/plakat-roslinne-zrodla-zelaza-do-wydruku-pdf\/","name":"Plakat \"Ro\u015blinne \u017ar\u00f3d\u0142a \u017celaza\" do wydruku [PDF] &ndash; SMART VEGAN","isPartOf":{"@id":"https:\/\/askarzeznik.pl\/sklep\/#website"},"datePublished":"2023-12-11T13:25:23+00:00","dateModified":"2025-06-08T20:58:20+00:00","description":"Plakat do kuchni dla weganina lub weganki \"Ro\u015blinne \u017ar\u00f3d\u0142a \u017celaza\" - pi\u0119kny pomys\u0142 na prezent albo ozdob\u0119 do kuchni, gdy chcesz przej\u015b\u0107 na weganizm","breadcrumb":{"@id":"https:\/\/askarzeznik.pl\/sklep\/produkt\/plakat-roslinne-zrodla-zelaza-do-wydruku-pdf\/#breadcrumb"},"inLanguage":"pl-PL","potentialAction":[{"@type":"ReadAction","target":["https:\/\/askarzeznik.pl\/sklep\/produkt\/plakat-roslinne-zrodla-zelaza-do-wydruku-pdf\/"]}]},{"@type":"BreadcrumbList","@id":"https:\/\/askarzeznik.pl\/sklep\/produkt\/plakat-roslinne-zrodla-zelaza-do-wydruku-pdf\/#breadcrumb","itemListElement":[{"@type":"ListItem","position":1,"name":"Strona g\u0142\u00f3wna","item":"https:\/\/askarzeznik.pl\/sklep\/"},{"@type":"ListItem","position":2,"name":"Home","item":"https:\/\/askarzeznik.pl\/sklep\/"},{"@type":"ListItem","position":3,"name":"Plakat &#8222;Ro\u015blinne \u017ar\u00f3d\u0142a \u017celaza&#8221; do wydruku [PDF]"}]},{"@type":"WebSite","@id":"https:\/\/askarzeznik.pl\/sklep\/#website","url":"https:\/\/askarzeznik.pl\/sklep\/","name":"SMART VEGAN","description":"Wykorzystaj sw\u00f3j spryt w kuchni ro\u015blinnej","publisher":{"@id":"https:\/\/askarzeznik.pl\/sklep\/#organization"},"potentialAction":[{"@type":"SearchAction","target":{"@type":"EntryPoint","urlTemplate":"https:\/\/askarzeznik.pl\/sklep\/?s={search_term_string}"},"query-input":"required name=search_term_string"}],"inLanguage":"pl-PL"},{"@type":"Organization","@id":"https:\/\/askarzeznik.pl\/sklep\/#organization","name":"A\u015bka Rze\u017anik - blogerka wega\u0144ska","url":"https:\/\/askarzeznik.pl\/sklep\/","logo":{"@type":"ImageObject","inLanguage":"pl-PL","@id":"https:\/\/askarzeznik.pl\/sklep\/#\/schema\/logo\/image\/","url":"https:\/\/askarzeznik.pl\/sklep\/wp-content\/uploads\/2020\/03\/logo.png","contentUrl":"https:\/\/askarzeznik.pl\/sklep\/wp-content\/uploads\/2020\/03\/logo.png","width":575,"height":137,"caption":"A\u015bka Rze\u017anik - blogerka wega\u0144ska"},"image":{"@id":"https:\/\/askarzeznik.pl\/sklep\/#\/schema\/logo\/image\/"},"sameAs":["https:\/\/www.facebook.com\/mortycjacom","https:\/\/www.instagram.com\/askarzeznik\/"]}]}},"_links":{"self":[{"href":"https:\/\/askarzeznik.pl\/sklep\/wp-json\/wp\/v2\/product\/7515"}],"collection":[{"href":"https:\/\/askarzeznik.pl\/sklep\/wp-json\/wp\/v2\/product"}],"about":[{"href":"https:\/\/askarzeznik.pl\/sklep\/wp-json\/wp\/v2\/types\/product"}],"replies":[{"embeddable":true,"href":"https:\/\/askarzeznik.pl\/sklep\/wp-json\/wp\/v2\/comments?post=7515"}],"wp:featuredmedia":[{"embeddable":true,"href":"https:\/\/askarzeznik.pl\/sklep\/wp-json\/wp\/v2\/media\/7516"}],"wp:attachment":[{"href":"https:\/\/askarzeznik.pl\/sklep\/wp-json\/wp\/v2\/media?parent=7515"}],"wp:term":[{"taxonomy":"product_cat","embeddable":true,"href":"https:\/\/askarzeznik.pl\/sklep\/wp-json\/wp\/v2\/product_cat?post=7515"},{"taxonomy":"product_tag","embeddable":true,"href":"https:\/\/askarzeznik.pl\/sklep\/wp-json\/wp\/v2\/product_tag?post=7515"}],"curies":[{"name":"wp","href":"https:\/\/api.w.org\/{rel}","templated":true}]}}