{"id":825,"date":"2018-08-06T17:33:04","date_gmt":"2018-08-06T17:33:04","guid":{"rendered":"http:\/\/192.168.1.2\/wp-export\/my-account\/"},"modified":"2020-04-08T21:11:46","modified_gmt":"2020-04-08T21:11:46","slug":"moje-konto","status":"publish","type":"page","link":"https:\/\/askarzeznik.pl\/sklep\/moje-konto\/","title":{"rendered":"Moje konto"},"content":{"rendered":"<div class=\"woocommerce\"><\/div>\n","protected":false},"excerpt":{"rendered":"","protected":false},"author":2566,"featured_media":0,"parent":0,"menu_order":0,"comment_status":"closed","ping_status":"closed","template":"","meta":[],"yoast_head":"<!-- This site is optimized with the Yoast SEO plugin v20.9 - https:\/\/yoast.com\/wordpress\/plugins\/seo\/ -->\n<title>Moje konto &ndash; SMART VEGAN<\/title>\n<meta name=\"robots\" content=\"index, follow, max-snippet:-1, max-image-preview:large, max-video-preview:-1\" \/>\n<link rel=\"canonical\" href=\"https:\/\/askarzeznik.pl\/sklep\/moje-konto\/\" \/>\n<meta property=\"og:locale\" content=\"pl_PL\" \/>\n<meta property=\"og:type\" content=\"article\" \/>\n<meta property=\"og:title\" content=\"Moje konto &ndash; SMART VEGAN\" \/>\n<meta property=\"og:url\" content=\"https:\/\/askarzeznik.pl\/sklep\/moje-konto\/\" \/>\n<meta property=\"og:site_name\" content=\"SMART VEGAN\" \/>\n<meta property=\"article:publisher\" content=\"https:\/\/www.facebook.com\/mortycjacom\" \/>\n<meta property=\"article:modified_time\" content=\"2020-04-08T21:11:46+00:00\" \/>\n<meta name=\"twitter:card\" content=\"summary_large_image\" \/>\n<script type=\"application\/ld+json\" class=\"yoast-schema-graph\">{\"@context\":\"https:\/\/schema.org\",\"@graph\":[{\"@type\":\"WebPage\",\"@id\":\"https:\/\/askarzeznik.pl\/sklep\/moje-konto\/\",\"url\":\"https:\/\/askarzeznik.pl\/sklep\/moje-konto\/\",\"name\":\"Moje konto &ndash; SMART VEGAN\",\"isPartOf\":{\"@id\":\"https:\/\/askarzeznik.pl\/sklep\/#website\"},\"datePublished\":\"2018-08-06T17:33:04+00:00\",\"dateModified\":\"2020-04-08T21:11:46+00:00\",\"breadcrumb\":{\"@id\":\"https:\/\/askarzeznik.pl\/sklep\/moje-konto\/#breadcrumb\"},\"inLanguage\":\"pl-PL\",\"potentialAction\":[{\"@type\":\"ReadAction\",\"target\":[\"https:\/\/askarzeznik.pl\/sklep\/moje-konto\/\"]}]},{\"@type\":\"BreadcrumbList\",\"@id\":\"https:\/\/askarzeznik.pl\/sklep\/moje-konto\/#breadcrumb\",\"itemListElement\":[{\"@type\":\"ListItem\",\"position\":1,\"name\":\"Strona g\u0142\u00f3wna\",\"item\":\"https:\/\/askarzeznik.pl\/sklep\/\"},{\"@type\":\"ListItem\",\"position\":2,\"name\":\"Moje konto\"}]},{\"@type\":\"WebSite\",\"@id\":\"https:\/\/askarzeznik.pl\/sklep\/#website\",\"url\":\"https:\/\/askarzeznik.pl\/sklep\/\",\"name\":\"SMART VEGAN\",\"description\":\"Wykorzystaj sw\u00f3j spryt w kuchni ro\u015blinnej\",\"publisher\":{\"@id\":\"https:\/\/askarzeznik.pl\/sklep\/#organization\"},\"potentialAction\":[{\"@type\":\"SearchAction\",\"target\":{\"@type\":\"EntryPoint\",\"urlTemplate\":\"https:\/\/askarzeznik.pl\/sklep\/?s={search_term_string}\"},\"query-input\":\"required name=search_term_string\"}],\"inLanguage\":\"pl-PL\"},{\"@type\":\"Organization\",\"@id\":\"https:\/\/askarzeznik.pl\/sklep\/#organization\",\"name\":\"A\u015bka Rze\u017anik - blogerka wega\u0144ska\",\"url\":\"https:\/\/askarzeznik.pl\/sklep\/\",\"logo\":{\"@type\":\"ImageObject\",\"inLanguage\":\"pl-PL\",\"@id\":\"https:\/\/askarzeznik.pl\/sklep\/#\/schema\/logo\/image\/\",\"url\":\"https:\/\/askarzeznik.pl\/sklep\/wp-content\/uploads\/2020\/03\/logo.png\",\"contentUrl\":\"https:\/\/askarzeznik.pl\/sklep\/wp-content\/uploads\/2020\/03\/logo.png\",\"width\":575,\"height\":137,\"caption\":\"A\u015bka Rze\u017anik - blogerka wega\u0144ska\"},\"image\":{\"@id\":\"https:\/\/askarzeznik.pl\/sklep\/#\/schema\/logo\/image\/\"},\"sameAs\":[\"https:\/\/www.facebook.com\/mortycjacom\",\"https:\/\/www.instagram.com\/askarzeznik\/\"]}]}<\/script>\n<!-- \/ Yoast SEO plugin. -->","yoast_head_json":{"title":"Moje konto &ndash; SMART VEGAN","robots":{"index":"index","follow":"follow","max-snippet":"max-snippet:-1","max-image-preview":"max-image-preview:large","max-video-preview":"max-video-preview:-1"},"canonical":"https:\/\/askarzeznik.pl\/sklep\/moje-konto\/","og_locale":"pl_PL","og_type":"article","og_title":"Moje konto &ndash; SMART VEGAN","og_url":"https:\/\/askarzeznik.pl\/sklep\/moje-konto\/","og_site_name":"SMART VEGAN","article_publisher":"https:\/\/www.facebook.com\/mortycjacom","article_modified_time":"2020-04-08T21:11:46+00:00","twitter_card":"summary_large_image","schema":{"@context":"https:\/\/schema.org","@graph":[{"@type":"WebPage","@id":"https:\/\/askarzeznik.pl\/sklep\/moje-konto\/","url":"https:\/\/askarzeznik.pl\/sklep\/moje-konto\/","name":"Moje konto &ndash; SMART VEGAN","isPartOf":{"@id":"https:\/\/askarzeznik.pl\/sklep\/#website"},"datePublished":"2018-08-06T17:33:04+00:00","dateModified":"2020-04-08T21:11:46+00:00","breadcrumb":{"@id":"https:\/\/askarzeznik.pl\/sklep\/moje-konto\/#breadcrumb"},"inLanguage":"pl-PL","potentialAction":[{"@type":"ReadAction","target":["https:\/\/askarzeznik.pl\/sklep\/moje-konto\/"]}]},{"@type":"BreadcrumbList","@id":"https:\/\/askarzeznik.pl\/sklep\/moje-konto\/#breadcrumb","itemListElement":[{"@type":"ListItem","position":1,"name":"Strona g\u0142\u00f3wna","item":"https:\/\/askarzeznik.pl\/sklep\/"},{"@type":"ListItem","position":2,"name":"Moje konto"}]},{"@type":"WebSite","@id":"https:\/\/askarzeznik.pl\/sklep\/#website","url":"https:\/\/askarzeznik.pl\/sklep\/","name":"SMART VEGAN","description":"Wykorzystaj sw\u00f3j spryt w kuchni ro\u015blinnej","publisher":{"@id":"https:\/\/askarzeznik.pl\/sklep\/#organization"},"potentialAction":[{"@type":"SearchAction","target":{"@type":"EntryPoint","urlTemplate":"https:\/\/askarzeznik.pl\/sklep\/?s={search_term_string}"},"query-input":"required name=search_term_string"}],"inLanguage":"pl-PL"},{"@type":"Organization","@id":"https:\/\/askarzeznik.pl\/sklep\/#organization","name":"A\u015bka Rze\u017anik - blogerka wega\u0144ska","url":"https:\/\/askarzeznik.pl\/sklep\/","logo":{"@type":"ImageObject","inLanguage":"pl-PL","@id":"https:\/\/askarzeznik.pl\/sklep\/#\/schema\/logo\/image\/","url":"https:\/\/askarzeznik.pl\/sklep\/wp-content\/uploads\/2020\/03\/logo.png","contentUrl":"https:\/\/askarzeznik.pl\/sklep\/wp-content\/uploads\/2020\/03\/logo.png","width":575,"height":137,"caption":"A\u015bka Rze\u017anik - blogerka wega\u0144ska"},"image":{"@id":"https:\/\/askarzeznik.pl\/sklep\/#\/schema\/logo\/image\/"},"sameAs":["https:\/\/www.facebook.com\/mortycjacom","https:\/\/www.instagram.com\/askarzeznik\/"]}]}},"_links":{"self":[{"href":"https:\/\/askarzeznik.pl\/sklep\/wp-json\/wp\/v2\/pages\/825"}],"collection":[{"href":"https:\/\/askarzeznik.pl\/sklep\/wp-json\/wp\/v2\/pages"}],"about":[{"href":"https:\/\/askarzeznik.pl\/sklep\/wp-json\/wp\/v2\/types\/page"}],"author":[{"embeddable":true,"href":"https:\/\/askarzeznik.pl\/sklep\/wp-json\/wp\/v2\/users\/2566"}],"replies":[{"embeddable":true,"href":"https:\/\/askarzeznik.pl\/sklep\/wp-json\/wp\/v2\/comments?post=825"}],"version-history":[{"count":2,"href":"https:\/\/askarzeznik.pl\/sklep\/wp-json\/wp\/v2\/pages\/825\/revisions"}],"predecessor-version":[{"id":1182,"href":"https:\/\/askarzeznik.pl\/sklep\/wp-json\/wp\/v2\/pages\/825\/revisions\/1182"}],"wp:attachment":[{"href":"https:\/\/askarzeznik.pl\/sklep\/wp-json\/wp\/v2\/media?parent=825"}],"curies":[{"name":"wp","href":"https:\/\/api.w.org\/{rel}","templated":true}]}}