{"id":3,"date":"2020-03-25T19:54:10","date_gmt":"2020-03-25T19:54:10","guid":{"rendered":"https:\/\/askarzeznik.pl\/sklep\/?page_id=3"},"modified":"2020-04-20T20:54:01","modified_gmt":"2020-04-20T20:54:01","slug":"polityka-prywatnosci","status":"publish","type":"page","link":"https:\/\/askarzeznik.pl\/sklep\/polityka-prywatnosci\/","title":{"rendered":"Polityka prywatno\u015bci"},"content":{"rendered":"<section class=\"wpb-content-wrapper\"><p>[vc_row][vc_column][vc_column_text]<\/p>\n<header class=\"shb-page-title\">\n<h1 class=\"has-text-weight-bold wp-block-heading\">POLITYKA PRYWATNO\u015aCI<\/h1>\n<\/header>\n<div class=\"wysiwyg-content shb-page-wysiwyg-content\">\n<h2>Polityka COOKIES<\/h2>\n<ol>\n<li>Sklep nie zbiera w spos\u00f3b automatyczny \u017cadnych informacji, z wyj\u0105tkiem informacji zawartych w plikach cookies.<\/li>\n<li>Pliki cookies (tak zwane &#8222;ciasteczka&#8221;) stanowi\u0105 dane informatyczne, w szczeg\u00f3lno\u015bci pliki tekstowe, kt\u00f3re przechowywane s\u0105 w urz\u0105dzeniu ko\u0144cowym U\u017cytkownika Sklepu i przeznaczone s\u0105 do korzystania ze stron internetowych Sklepu. Cookies zazwyczaj zawieraj\u0105 nazw\u0119 strony internetowej, z kt\u00f3rej pochodz\u0105, czas przechowywania ich na urz\u0105dzeniu ko\u0144cowym oraz unikalny numer.<\/li>\n<li>Podmiotem zamieszczaj\u0105cym na urz\u0105dzeniu ko\u0144cowym U\u017cytkownika Sklepu pliki cookies oraz uzyskuj\u0105cym do nich dost\u0119p jest operator Sklepu.<\/li>\n<li>Pliki cookies wykorzystywane s\u0105 w celu:\n<ul>\n<li>dostosowania zawarto\u015bci stron internetowych Sklepu do preferencji U\u017cytkownika oraz optymalizacji korzystania ze stron internetowych; w szczeg\u00f3lno\u015bci pliki te pozwalaj\u0105 rozpozna\u0107 urz\u0105dzenie U\u017cytkownika Sklepu i odpowiednio wy\u015bwietli\u0107 stron\u0119 internetow\u0105, dostosowan\u0105 do jego indywidualnych potrzeb;<\/li>\n<li>tworzenia statystyk, kt\u00f3re pomagaj\u0105 zrozumie\u0107, w jaki spos\u00f3b U\u017cytkownicy Sklepu korzystaj\u0105 ze stron internetowych, co umo\u017cliwia ulepszanie ich struktury i zawarto\u015bci;<\/li>\n<\/ul>\n<\/li>\n<li>W ramach Sklepu stosowane s\u0105 dwa zasadnicze rodzaje plik\u00f3w cookies: &#8222;sesyjne&#8221; (session cookies) oraz &#8222;sta\u0142e&#8221; (persistent cookies). Cookies &#8222;sesyjne&#8221; s\u0105 plikami tymczasowymi, kt\u00f3re przechowywane s\u0105 w urz\u0105dzeniu ko\u0144cowym U\u017cytkownika do czasu opuszczenia strony internetowej lub wy\u0142\u0105czenia oprogramowania (przegl\u0105darki internetowej). &#8222;Sta\u0142e&#8221; pliki cookies przechowywane s\u0105 w urz\u0105dzeniu ko\u0144cowym U\u017cytkownika przez czas okre\u015blony w parametrach plik\u00f3w cookies lub do czasu ich usuni\u0119cia przez U\u017cytkownika.<\/li>\n<li>W ramach Sklepu stosowane s\u0105 nast\u0119puj\u0105ce rodzaje plik\u00f3w cookies:\n<ul>\n<li>&#8222;niezb\u0119dne&#8221; pliki cookies, umo\u017cliwiaj\u0105ce korzystanie z us\u0142ug dost\u0119pnych w ramach Sklepu, np. uwierzytelniaj\u0105ce pliki cookies wykorzystywane do us\u0142ug wymagaj\u0105cych uwierzytelniania w ramach Sklepu;<\/li>\n<li>pliki cookies s\u0142u\u017c\u0105ce do zapewnienia bezpiecze\u0144stwa, na przyk\u0142ad wykorzystywane do wykrywania nadu\u017cy\u0107 w zakresie uwierzytelniania w ramach Sklepu;<\/li>\n<li>&#8222;wydajno\u015bciowe&#8221; pliki cookies, umo\u017cliwiaj\u0105ce zbieranie informacji o sposobie korzystania ze stron internetowych Sklepu;<\/li>\n<li>&#8222;funkcjonalne&#8221; pliki cookies, umo\u017cliwiaj\u0105ce &#8222;zapami\u0119tanie&#8221; wybranych przez U\u017cytkownika ustawie\u0144 i personalizacj\u0119 interfejsu U\u017cytkownika, np. w zakresie wybranego j\u0119zyka lub regionu, z kt\u00f3rego pochodzi U\u017cytkownik, rozmiaru czcionki, wygl\u0105du strony internetowej itp.;<\/li>\n<li>&#8222;reklamowe&#8221; pliki cookies, umo\u017cliwiaj\u0105ce dostarczanie U\u017cytkownikom tre\u015bci reklamowych bardziej dostosowanych do ich zainteresowa\u0144.<\/li>\n<\/ul>\n<\/li>\n<li>W wielu przypadkach oprogramowanie s\u0142u\u017c\u0105ce do przegl\u0105dania stron internetowych (przegl\u0105darka internetowa) domy\u015blnie dopuszcza przechowywanie plik\u00f3w cookies w urz\u0105dzeniu ko\u0144cowym U\u017cytkownika. U\u017cytkownicy Sklepu mog\u0105 dokona\u0107 w ka\u017cdym czasie zmiany ustawie\u0144 dotycz\u0105cych plik\u00f3w cookies. Ustawienia te mog\u0105 zosta\u0107 zmienione w szczeg\u00f3lno\u015bci w taki spos\u00f3b, aby blokowa\u0107 automatyczn\u0105 obs\u0142ug\u0119 plik\u00f3w cookies w ustawieniach przegl\u0105darki internetowej b\u0105d\u017a informowa\u0107 o ich ka\u017cdorazowym zamieszczeniu w urz\u0105dzeniu U\u017cytkownika Sklepu. Szczeg\u00f3\u0142owe informacje o mo\u017cliwo\u015bci i sposobach obs\u0142ugi plik\u00f3w cookies dost\u0119pne s\u0105 w ustawieniach oprogramowania (przegl\u0105darki internetowej).<\/li>\n<li>Operator Sklepu informuje, \u017ce ograniczenia stosowania plik\u00f3w cookies mog\u0105 wp\u0142yn\u0105\u0107 na niekt\u00f3re funkcjonalno\u015bci dost\u0119pne na stronach internetowych Sklepu.<\/li>\n<li>Pliki cookies zamieszczane w urz\u0105dzeniu ko\u0144cowym U\u017cytkownika Sklepu i wykorzystywane mog\u0105 by\u0107 r\u00f3wnie\u017c przez wsp\u00f3\u0142pracuj\u0105cych z operatorem Sklepu reklamodawc\u00f3w oraz partner\u00f3w.<\/li>\n<li>Wi\u0119cej informacji na temat plik\u00f3w cookies dost\u0119pnych jest pod adresem www.wszystkoociasteczkach.pl lub w sekcji &#8222;Pomoc&#8221; w menu przegl\u0105darki internetowej.<\/li>\n<\/ol>\n<\/div>\n<p>[\/vc_column_text][\/vc_column][\/vc_row]<\/p>\n<\/section>","protected":false},"excerpt":{"rendered":"<p>[vc_row][vc_column][vc_column_text] POLITYKA PRYWATNO\u015aCI Polityka COOKIES Sklep nie zbiera w spos\u00f3b automatyczny \u017cadnych informacji, z wyj\u0105tkiem informacji zawartych w plikach cookies. Pliki cookies (tak zwane &#8222;ciasteczka&#8221;) stanowi\u0105 dane informatyczne, w szczeg\u00f3lno\u015bci pliki tekstowe, kt\u00f3re przechowywane s\u0105 w urz\u0105dzeniu ko\u0144cowym U\u017cytkownika Sklepu i przeznaczone s\u0105 do korzystania ze stron internetowych Sklepu. Cookies zazwyczaj zawieraj\u0105 nazw\u0119 strony internetowej, &hellip;<\/p>\n","protected":false},"author":2566,"featured_media":0,"parent":0,"menu_order":0,"comment_status":"closed","ping_status":"closed","template":"","meta":[],"yoast_head":"<!-- This site is optimized with the Yoast SEO plugin v20.9 - https:\/\/yoast.com\/wordpress\/plugins\/seo\/ -->\n<title>Polityka prywatno\u015bci &ndash; SMART VEGAN<\/title>\n<meta name=\"robots\" content=\"index, follow, max-snippet:-1, max-image-preview:large, max-video-preview:-1\" \/>\n<link rel=\"canonical\" href=\"https:\/\/askarzeznik.pl\/sklep\/polityka-prywatnosci\/\" \/>\n<meta property=\"og:locale\" content=\"pl_PL\" \/>\n<meta property=\"og:type\" content=\"article\" \/>\n<meta property=\"og:title\" content=\"Polityka prywatno\u015bci &ndash; SMART VEGAN\" \/>\n<meta property=\"og:description\" content=\"[vc_row][vc_column][vc_column_text] POLITYKA PRYWATNO\u015aCI Polityka COOKIES Sklep nie zbiera w spos\u00f3b automatyczny \u017cadnych informacji, z wyj\u0105tkiem informacji zawartych w plikach cookies. Pliki cookies (tak zwane &#8222;ciasteczka&#8221;) stanowi\u0105 dane informatyczne, w szczeg\u00f3lno\u015bci pliki tekstowe, kt\u00f3re przechowywane s\u0105 w urz\u0105dzeniu ko\u0144cowym U\u017cytkownika Sklepu i przeznaczone s\u0105 do korzystania ze stron internetowych Sklepu. Cookies zazwyczaj zawieraj\u0105 nazw\u0119 strony internetowej, &hellip;\" \/>\n<meta property=\"og:url\" content=\"https:\/\/askarzeznik.pl\/sklep\/polityka-prywatnosci\/\" \/>\n<meta property=\"og:site_name\" content=\"SMART VEGAN\" \/>\n<meta property=\"article:publisher\" content=\"https:\/\/www.facebook.com\/mortycjacom\" \/>\n<meta property=\"article:modified_time\" content=\"2020-04-20T20:54:01+00:00\" \/>\n<meta name=\"twitter:card\" content=\"summary_large_image\" \/>\n<meta name=\"twitter:label1\" content=\"Szacowany czas czytania\" \/>\n\t<meta name=\"twitter:data1\" content=\"3 minuty\" \/>\n<script type=\"application\/ld+json\" class=\"yoast-schema-graph\">{\"@context\":\"https:\/\/schema.org\",\"@graph\":[{\"@type\":\"WebPage\",\"@id\":\"https:\/\/askarzeznik.pl\/sklep\/polityka-prywatnosci\/\",\"url\":\"https:\/\/askarzeznik.pl\/sklep\/polityka-prywatnosci\/\",\"name\":\"Polityka prywatno\u015bci &ndash; SMART VEGAN\",\"isPartOf\":{\"@id\":\"https:\/\/askarzeznik.pl\/sklep\/#website\"},\"datePublished\":\"2020-03-25T19:54:10+00:00\",\"dateModified\":\"2020-04-20T20:54:01+00:00\",\"breadcrumb\":{\"@id\":\"https:\/\/askarzeznik.pl\/sklep\/polityka-prywatnosci\/#breadcrumb\"},\"inLanguage\":\"pl-PL\",\"potentialAction\":[{\"@type\":\"ReadAction\",\"target\":[\"https:\/\/askarzeznik.pl\/sklep\/polityka-prywatnosci\/\"]}]},{\"@type\":\"BreadcrumbList\",\"@id\":\"https:\/\/askarzeznik.pl\/sklep\/polityka-prywatnosci\/#breadcrumb\",\"itemListElement\":[{\"@type\":\"ListItem\",\"position\":1,\"name\":\"Strona g\u0142\u00f3wna\",\"item\":\"https:\/\/askarzeznik.pl\/sklep\/\"},{\"@type\":\"ListItem\",\"position\":2,\"name\":\"Polityka prywatno\u015bci\"}]},{\"@type\":\"WebSite\",\"@id\":\"https:\/\/askarzeznik.pl\/sklep\/#website\",\"url\":\"https:\/\/askarzeznik.pl\/sklep\/\",\"name\":\"SMART VEGAN\",\"description\":\"Wykorzystaj sw\u00f3j spryt w kuchni ro\u015blinnej\",\"publisher\":{\"@id\":\"https:\/\/askarzeznik.pl\/sklep\/#organization\"},\"potentialAction\":[{\"@type\":\"SearchAction\",\"target\":{\"@type\":\"EntryPoint\",\"urlTemplate\":\"https:\/\/askarzeznik.pl\/sklep\/?s={search_term_string}\"},\"query-input\":\"required name=search_term_string\"}],\"inLanguage\":\"pl-PL\"},{\"@type\":\"Organization\",\"@id\":\"https:\/\/askarzeznik.pl\/sklep\/#organization\",\"name\":\"A\u015bka Rze\u017anik - blogerka wega\u0144ska\",\"url\":\"https:\/\/askarzeznik.pl\/sklep\/\",\"logo\":{\"@type\":\"ImageObject\",\"inLanguage\":\"pl-PL\",\"@id\":\"https:\/\/askarzeznik.pl\/sklep\/#\/schema\/logo\/image\/\",\"url\":\"https:\/\/askarzeznik.pl\/sklep\/wp-content\/uploads\/2020\/03\/logo.png\",\"contentUrl\":\"https:\/\/askarzeznik.pl\/sklep\/wp-content\/uploads\/2020\/03\/logo.png\",\"width\":575,\"height\":137,\"caption\":\"A\u015bka Rze\u017anik - blogerka wega\u0144ska\"},\"image\":{\"@id\":\"https:\/\/askarzeznik.pl\/sklep\/#\/schema\/logo\/image\/\"},\"sameAs\":[\"https:\/\/www.facebook.com\/mortycjacom\",\"https:\/\/www.instagram.com\/askarzeznik\/\"]}]}<\/script>\n<!-- \/ Yoast SEO plugin. -->","yoast_head_json":{"title":"Polityka prywatno\u015bci &ndash; SMART VEGAN","robots":{"index":"index","follow":"follow","max-snippet":"max-snippet:-1","max-image-preview":"max-image-preview:large","max-video-preview":"max-video-preview:-1"},"canonical":"https:\/\/askarzeznik.pl\/sklep\/polityka-prywatnosci\/","og_locale":"pl_PL","og_type":"article","og_title":"Polityka prywatno\u015bci &ndash; SMART VEGAN","og_description":"[vc_row][vc_column][vc_column_text] POLITYKA PRYWATNO\u015aCI Polityka COOKIES Sklep nie zbiera w spos\u00f3b automatyczny \u017cadnych informacji, z wyj\u0105tkiem informacji zawartych w plikach cookies. Pliki cookies (tak zwane &#8222;ciasteczka&#8221;) stanowi\u0105 dane informatyczne, w szczeg\u00f3lno\u015bci pliki tekstowe, kt\u00f3re przechowywane s\u0105 w urz\u0105dzeniu ko\u0144cowym U\u017cytkownika Sklepu i przeznaczone s\u0105 do korzystania ze stron internetowych Sklepu. Cookies zazwyczaj zawieraj\u0105 nazw\u0119 strony internetowej, &hellip;","og_url":"https:\/\/askarzeznik.pl\/sklep\/polityka-prywatnosci\/","og_site_name":"SMART VEGAN","article_publisher":"https:\/\/www.facebook.com\/mortycjacom","article_modified_time":"2020-04-20T20:54:01+00:00","twitter_card":"summary_large_image","twitter_misc":{"Szacowany czas czytania":"3 minuty"},"schema":{"@context":"https:\/\/schema.org","@graph":[{"@type":"WebPage","@id":"https:\/\/askarzeznik.pl\/sklep\/polityka-prywatnosci\/","url":"https:\/\/askarzeznik.pl\/sklep\/polityka-prywatnosci\/","name":"Polityka prywatno\u015bci &ndash; SMART VEGAN","isPartOf":{"@id":"https:\/\/askarzeznik.pl\/sklep\/#website"},"datePublished":"2020-03-25T19:54:10+00:00","dateModified":"2020-04-20T20:54:01+00:00","breadcrumb":{"@id":"https:\/\/askarzeznik.pl\/sklep\/polityka-prywatnosci\/#breadcrumb"},"inLanguage":"pl-PL","potentialAction":[{"@type":"ReadAction","target":["https:\/\/askarzeznik.pl\/sklep\/polityka-prywatnosci\/"]}]},{"@type":"BreadcrumbList","@id":"https:\/\/askarzeznik.pl\/sklep\/polityka-prywatnosci\/#breadcrumb","itemListElement":[{"@type":"ListItem","position":1,"name":"Strona g\u0142\u00f3wna","item":"https:\/\/askarzeznik.pl\/sklep\/"},{"@type":"ListItem","position":2,"name":"Polityka prywatno\u015bci"}]},{"@type":"WebSite","@id":"https:\/\/askarzeznik.pl\/sklep\/#website","url":"https:\/\/askarzeznik.pl\/sklep\/","name":"SMART VEGAN","description":"Wykorzystaj sw\u00f3j spryt w kuchni ro\u015blinnej","publisher":{"@id":"https:\/\/askarzeznik.pl\/sklep\/#organization"},"potentialAction":[{"@type":"SearchAction","target":{"@type":"EntryPoint","urlTemplate":"https:\/\/askarzeznik.pl\/sklep\/?s={search_term_string}"},"query-input":"required name=search_term_string"}],"inLanguage":"pl-PL"},{"@type":"Organization","@id":"https:\/\/askarzeznik.pl\/sklep\/#organization","name":"A\u015bka Rze\u017anik - blogerka wega\u0144ska","url":"https:\/\/askarzeznik.pl\/sklep\/","logo":{"@type":"ImageObject","inLanguage":"pl-PL","@id":"https:\/\/askarzeznik.pl\/sklep\/#\/schema\/logo\/image\/","url":"https:\/\/askarzeznik.pl\/sklep\/wp-content\/uploads\/2020\/03\/logo.png","contentUrl":"https:\/\/askarzeznik.pl\/sklep\/wp-content\/uploads\/2020\/03\/logo.png","width":575,"height":137,"caption":"A\u015bka Rze\u017anik - blogerka wega\u0144ska"},"image":{"@id":"https:\/\/askarzeznik.pl\/sklep\/#\/schema\/logo\/image\/"},"sameAs":["https:\/\/www.facebook.com\/mortycjacom","https:\/\/www.instagram.com\/askarzeznik\/"]}]}},"_links":{"self":[{"href":"https:\/\/askarzeznik.pl\/sklep\/wp-json\/wp\/v2\/pages\/3"}],"collection":[{"href":"https:\/\/askarzeznik.pl\/sklep\/wp-json\/wp\/v2\/pages"}],"about":[{"href":"https:\/\/askarzeznik.pl\/sklep\/wp-json\/wp\/v2\/types\/page"}],"author":[{"embeddable":true,"href":"https:\/\/askarzeznik.pl\/sklep\/wp-json\/wp\/v2\/users\/2566"}],"replies":[{"embeddable":true,"href":"https:\/\/askarzeznik.pl\/sklep\/wp-json\/wp\/v2\/comments?post=3"}],"version-history":[{"count":2,"href":"https:\/\/askarzeznik.pl\/sklep\/wp-json\/wp\/v2\/pages\/3\/revisions"}],"predecessor-version":[{"id":1266,"href":"https:\/\/askarzeznik.pl\/sklep\/wp-json\/wp\/v2\/pages\/3\/revisions\/1266"}],"wp:attachment":[{"href":"https:\/\/askarzeznik.pl\/sklep\/wp-json\/wp\/v2\/media?parent=3"}],"curies":[{"name":"wp","href":"https:\/\/api.w.org\/{rel}","templated":true}]}}